{"id":2392,"date":"2018-06-22T15:38:51","date_gmt":"2018-06-22T13:38:51","guid":{"rendered":"http:\/\/shop.mittgard.de\/?product=import-placeholder-for-2063"},"modified":"2024-12-15T12:39:46","modified_gmt":"2024-12-15T11:39:46","slug":"wagner-franz-siegfried-raeuchern-poekeln-wursten","status":"publish","type":"product","link":"https:\/\/shop.mittgard.de\/?product=wagner-franz-siegfried-raeuchern-poekeln-wursten","title":{"rendered":"Wagner, Franz Siegfried &#8222;R\u00e4uchern, P\u00f6keln, Wursten&#8220;"},"content":{"rendered":"<p>Schwein &#8211; Rind &#8211; Wild &#8211; Gefl\u00fcgel<\/p>\n<p>Die eigene Erzeugung von Wurstspezialit\u00e4ten, Speck und Schinken, P\u00f6kel- oder Surfleisch aus den verschiedensten Fleischarten inklusive Wild und Gefl\u00fcgel findet immer mehr Freunde.<\/p>\n<p>Doch das richtige Zubereiten, W\u00fcrzen, Reifenlassen und vor allem R\u00e4uchern hat seine Geheimnisse! Auf das &#8222;Gewusst wie&#8220; kommt&#8217;s an.<\/p>\n<p>Ganz egal, ob Osterschinken oder Salami, ob Wildpastete oder Gefl\u00fcgelwurst; durch die Beschreibung einzelner Abl\u00e4ufe mit zahlreichen Bildern in dieser \u00fcberarbeiteten Neuauflage sind diese Rezepte noch einfacher und verst\u00e4ndlicher nachvollziehbar.<\/p>\n<p>Aus dem Inhalt:<\/p>\n<p>&#8211; R\u00e4uchertechnologie &#8211; kalt, warm und hei\u00df<br \/>\n&#8211; P\u00f6keln &#8211; trocken und nass<br \/>\n&#8211; Wursten &#8211; von der Leberwurst, der Leberk\u00e4se-Erzeugung bis zur Salami und zu ger\u00e4ucherten Spezialit\u00e4ten<br \/>\n&#8211; Zahlreiche Rezepte und regionale Spezialit\u00e4ten f\u00fcr alle Fleischarten (Schwein, Rind, Lamm, Wild und Gefl\u00fcgel)<\/p>\n<p>Gebundene Ausgabe, 160 Seiten<\/p>\n","protected":false},"excerpt":{"rendered":"<p>HC<\/p>\n","protected":false},"featured_media":6248,"template":"","meta":[],"product_brand":[],"product_cat":[186,185],"product_tag":[222,220],"class_list":{"0":"post-2392","1":"product","2":"type-product","3":"status-publish","4":"has-post-thumbnail","6":"product_cat-alternativ-leben","7":"product_cat-literatur","8":"product_tag-fleisch","9":"product_tag-selbstversorger","10":"product_shipping_class-paket","12":"first","13":"onbackorder","14":"taxable","15":"shipping-taxable","16":"purchasable","17":"product-type-simple"},"_links":{"self":[{"href":"https:\/\/shop.mittgard.de\/index.php?rest_route=\/wp\/v2\/product\/2392","targetHints":{"allow":["GET"]}}],"collection":[{"href":"https:\/\/shop.mittgard.de\/index.php?rest_route=\/wp\/v2\/product"}],"about":[{"href":"https:\/\/shop.mittgard.de\/index.php?rest_route=\/wp\/v2\/types\/product"}],"wp:featuredmedia":[{"embeddable":true,"href":"https:\/\/shop.mittgard.de\/index.php?rest_route=\/wp\/v2\/media\/6248"}],"wp:attachment":[{"href":"https:\/\/shop.mittgard.de\/index.php?rest_route=%2Fwp%2Fv2%2Fmedia&parent=2392"}],"wp:term":[{"taxonomy":"product_brand","embeddable":true,"href":"https:\/\/shop.mittgard.de\/index.php?rest_route=%2Fwp%2Fv2%2Fproduct_brand&post=2392"},{"taxonomy":"product_cat","embeddable":true,"href":"https:\/\/shop.mittgard.de\/index.php?rest_route=%2Fwp%2Fv2%2Fproduct_cat&post=2392"},{"taxonomy":"product_tag","embeddable":true,"href":"https:\/\/shop.mittgard.de\/index.php?rest_route=%2Fwp%2Fv2%2Fproduct_tag&post=2392"}],"curies":[{"name":"wp","href":"https:\/\/api.w.org\/{rel}","templated":true}]}}