{"id":2393,"date":"2018-06-22T15:38:51","date_gmt":"2018-06-22T13:38:51","guid":{"rendered":"http:\/\/shop.mittgard.de\/?product=import-placeholder-for-2064"},"modified":"2025-08-22T13:14:59","modified_gmt":"2025-08-22T11:14:59","slug":"windele-jahreszeiten-magie-heilung","status":"publish","type":"product","link":"https:\/\/shop.mittgard.de\/?product=windele-jahreszeiten-magie-heilung","title":{"rendered":"Windele &#8222;Jahreszeiten, Magie, Heilung&#8220;"},"content":{"rendered":"<p>Das Feiern von Festen ist ein Ja-Sagen zum Leben. Sinn &amp; Entstehung von Jahreszeitenfesten, wobei aus allen europ\u00e4ischen Str\u00f6mungen gesch\u00f6pft wurde, mit Ritualvorschl\u00e4gen und Erfahrungsberichten<\/p>\n<p>Feste feiern &#8211; ein magischer Heilungsweg<\/p>\n<p>Kern und Ursprung ist das Feiern von Festen, ein Ja-Sagen zum Leben:<\/p>\n<p>Ja, ich will mich lieben.<\/p>\n<p>Ja, ich will mittanzen im Reigen der Sch\u00f6pfung.<\/p>\n<p>Ja, ich will Frieden und Harmonie in meiner menschlichen Gemeinschaft.<\/p>\n<p>Ja, ich will Einklang und Freude mit allen Wesen der Natur.<\/p>\n<p>Ja, ich will eins sein mit dem Rhythmus des Lebens!<\/p>\n<p>Dieses Buch ist die Frucht \u00fcber viele Jahre regelm\u00e4\u00dfig in Gruppen gefeierter Feste. &#8222;Die Feste, so wie sie in diesem Buch beschrieben sind, haben sehr viel mit mir und den Personen zu tun, die mit mir die Feste gefeiert haben &#8211; so wie eure Feste mit euch zu tun haben werden.&#8220;<\/p>\n<p>Im ersten Teil geht es um den Jahreslauf, die Entstehung der Jahreszeiten und wie alles zusammenh\u00e4ngt.<\/p>\n<p>Der zweite Teil will ein Grundverst\u00e4ndnis f\u00fcr magische Feste er\u00f6ffnen. Magische Feste brauchen eine gewisse Struktur, doch innerhalb dieser soll viel Raum f\u00fcr eigene sch\u00f6pferische Ideen sein.<\/p>\n<p>Der dritte Teil ist den acht Jahreszeitenfesten gewidmet. Die Autorin geht zun\u00e4chst auf die jeweiligen Themenkreise eines Festes und auf den kulturgeschichtlichen Hintergrund ein. Daran schlie\u00dfen sich praktische Anregungen an. Am Schlu\u00df stehen jeweils die Festgeschichten. Sie sind der pers\u00f6nlichste Teil des Buches und zugleich ein Kernst\u00fcck. Sie machen deutlich, wie ein Fest ablaufen kann, was Menschen dabei erleben und wie sie dabei Ganzheit und Heilung erfahren.<\/p>\n<p>Broschiert, 240 Seiten<\/p>\n","protected":false},"excerpt":{"rendered":"<p>Br<\/p>\n","protected":false},"featured_media":15625,"template":"","meta":[],"product_brand":[],"product_cat":[186,185],"product_tag":[224,225,223],"class_list":{"0":"post-2393","1":"product","2":"type-product","3":"status-publish","4":"has-post-thumbnail","6":"product_cat-alternativ-leben","7":"product_cat-literatur","8":"product_tag-heidentum","9":"product_tag-jahreskreis","10":"product_tag-naturreligion","11":"product_shipping_class-paket","13":"first","14":"instock","15":"taxable","16":"shipping-taxable","17":"purchasable","18":"product-type-simple"},"_links":{"self":[{"href":"https:\/\/shop.mittgard.de\/index.php?rest_route=\/wp\/v2\/product\/2393","targetHints":{"allow":["GET"]}}],"collection":[{"href":"https:\/\/shop.mittgard.de\/index.php?rest_route=\/wp\/v2\/product"}],"about":[{"href":"https:\/\/shop.mittgard.de\/index.php?rest_route=\/wp\/v2\/types\/product"}],"wp:featuredmedia":[{"embeddable":true,"href":"https:\/\/shop.mittgard.de\/index.php?rest_route=\/wp\/v2\/media\/15625"}],"wp:attachment":[{"href":"https:\/\/shop.mittgard.de\/index.php?rest_route=%2Fwp%2Fv2%2Fmedia&parent=2393"}],"wp:term":[{"taxonomy":"product_brand","embeddable":true,"href":"https:\/\/shop.mittgard.de\/index.php?rest_route=%2Fwp%2Fv2%2Fproduct_brand&post=2393"},{"taxonomy":"product_cat","embeddable":true,"href":"https:\/\/shop.mittgard.de\/index.php?rest_route=%2Fwp%2Fv2%2Fproduct_cat&post=2393"},{"taxonomy":"product_tag","embeddable":true,"href":"https:\/\/shop.mittgard.de\/index.php?rest_route=%2Fwp%2Fv2%2Fproduct_tag&post=2393"}],"curies":[{"name":"wp","href":"https:\/\/api.w.org\/{rel}","templated":true}]}}