{"id":23946,"date":"2024-04-16T09:03:33","date_gmt":"2024-04-16T07:03:33","guid":{"rendered":"https:\/\/shop.mittgard.de\/?post_type=product&#038;p=23946"},"modified":"2025-09-30T16:55:28","modified_gmt":"2025-09-30T14:55:28","slug":"fibelkette-3","status":"publish","type":"product","link":"https:\/\/shop.mittgard.de\/?product=fibelkette-3","title":{"rendered":"Fibelkette 3"},"content":{"rendered":"<p><span style=\"font-size: 1rem;\">um eine wassergr\u00fcne Glasperle gruppieren sich kleine gr\u00fcne Glasperlen, mintgr\u00fcne Chevronperlen und winzig kleine Perlmuttperlen<\/span><\/p>\n<p><span style=\"font-size: 1rem;\">35 cm langer Perlenstrang aufgezogen auf Silberdraht mit <\/span><span style=\"font-size: 1rem;\">S-Haken aus Kupfer zum Einh\u00e4ngen in das Fibelpaar<\/span><\/p>\n<p>&nbsp;<\/p>\n","protected":false},"excerpt":{"rendered":"<p>um eine wassergr\u00fcne Glasperle gruppieren sich kleine gr\u00fcne Glasperlen, mintgr\u00fcne Chevronperlen und winzig kleine Perlmuttperlen 35 cm langer Perlenstrang aufgezogen auf Silberdraht mit S-Haken aus Kupfer zum Einh\u00e4ngen in das Fibelpaar &nbsp;<\/p>\n","protected":false},"featured_media":25974,"template":"","meta":[],"product_brand":[],"product_cat":[457,455],"product_tag":[615,809,299,91,300,689,311],"class_list":{"0":"post-23946","1":"product","2":"type-product","3":"status-publish","4":"has-post-thumbnail","6":"product_cat-einzelstuecke","7":"product_cat-schmuck","8":"product_tag-brustschmuck","9":"product_tag-chevron","10":"product_tag-glas","11":"product_tag-gruen","12":"product_tag-perlen","13":"product_tag-perlmutt","14":"product_tag-wikinger","15":"product_shipping_class-brief","17":"first","18":"instock","19":"sold-individually","20":"taxable","21":"shipping-taxable","22":"purchasable","23":"product-type-simple"},"_links":{"self":[{"href":"https:\/\/shop.mittgard.de\/index.php?rest_route=\/wp\/v2\/product\/23946","targetHints":{"allow":["GET"]}}],"collection":[{"href":"https:\/\/shop.mittgard.de\/index.php?rest_route=\/wp\/v2\/product"}],"about":[{"href":"https:\/\/shop.mittgard.de\/index.php?rest_route=\/wp\/v2\/types\/product"}],"wp:featuredmedia":[{"embeddable":true,"href":"https:\/\/shop.mittgard.de\/index.php?rest_route=\/wp\/v2\/media\/25974"}],"wp:attachment":[{"href":"https:\/\/shop.mittgard.de\/index.php?rest_route=%2Fwp%2Fv2%2Fmedia&parent=23946"}],"wp:term":[{"taxonomy":"product_brand","embeddable":true,"href":"https:\/\/shop.mittgard.de\/index.php?rest_route=%2Fwp%2Fv2%2Fproduct_brand&post=23946"},{"taxonomy":"product_cat","embeddable":true,"href":"https:\/\/shop.mittgard.de\/index.php?rest_route=%2Fwp%2Fv2%2Fproduct_cat&post=23946"},{"taxonomy":"product_tag","embeddable":true,"href":"https:\/\/shop.mittgard.de\/index.php?rest_route=%2Fwp%2Fv2%2Fproduct_tag&post=23946"}],"curies":[{"name":"wp","href":"https:\/\/api.w.org\/{rel}","templated":true}]}}