{"id":23959,"date":"2024-04-17T16:54:43","date_gmt":"2024-04-17T14:54:43","guid":{"rendered":"https:\/\/shop.mittgard.de\/?post_type=product&#038;p=23959"},"modified":"2025-10-09T15:40:56","modified_gmt":"2025-10-09T13:40:56","slug":"neumayr-dorothea-erwecke-die-kraft-der-goettin-in-dir","status":"publish","type":"product","link":"https:\/\/shop.mittgard.de\/?product=neumayr-dorothea-erwecke-die-kraft-der-goettin-in-dir","title":{"rendered":"Neumayr, Dorothea &#8222;Erwecke die Kraft der G\u00f6ttin in Dir&#8220;"},"content":{"rendered":"<p>Mit weiblicher Weisheit den Rhythmus des Jahres erleben<\/p>\n<p>Aus unserer Urquelle sch\u00f6pfen<\/p>\n<p>Der Archetyp der G\u00f6ttin lebt als Energie in jedem Menschen &#8211; sie ist das Prinzip des Lebens: Mutter Erde, die uns n\u00e4hrt und tr\u00e4gt und die das Mysterium von Geburt und Tod in sich birgt. Sie ist das M\u00e4dchen, die Liebende und die Weisheit, die Tr\u00e4umerin, die Gerechtigkeit und die wilde Amazone.<\/p>\n<p>Seit Anbeginn der Zeiten schenken uns Mythen tiefes, intuitives Wissen und spiegeln uns vielf\u00e4ltige Facetten der Weiblichkeit in ganz unterschiedlichen G\u00f6ttinnen. Jedes Bewusstwerden, jedes Ersp\u00fcren ihrer Qualit\u00e4ten kann uns in jeder Lebensphase starke Impulse zur Pers\u00f6nlichkeitsentfaltung geben. der Kreis der acht Jahresfeste l\u00e4dt uns ein, immer wieder innezuhalten und uns mit den Kr\u00e4ften der Natur und dem gro\u00dfen Potenzial der G\u00f6ttinnen zu verbinden.<\/p>\n<ul>\n<li><strong>Rituale, Br\u00e4uche &amp; Rezepte:\u00a0<\/strong>Alte Rituale und Achtsamkeits\u00fcbungen mit der Kraft der G\u00f6ttin im Rhythmus des Jahres<\/li>\n<li><strong>Mythen &amp; M\u00e4rchen:\u00a0<\/strong>Kraftvolle G\u00f6ttinnenbotschaften f\u00fcr die heutige Zeit<\/li>\n<li><strong>\u00dcbungen f\u00fcr Reflexion &amp; inneres Wachstum:\u00a0<\/strong>Themen im Lebenszyklus mithilfe der Archetypen bewusst machen und integrieren<\/li>\n<\/ul>\n<p>Broschierte Ausgabe, 176 Seiten<\/p>\n","protected":false},"excerpt":{"rendered":"<p>Br<\/p>\n","protected":false},"featured_media":26469,"template":"","meta":[],"product_brand":[],"product_cat":[195,185],"product_tag":[603,959,1332,223,382],"class_list":{"0":"post-23959","1":"product","2":"type-product","3":"status-publish","4":"has-post-thumbnail","6":"product_cat-hexentum-schamanismus","7":"product_cat-literatur","8":"product_tag-goettin","9":"product_tag-jahreskreisfeste","10":"product_tag-naturkost","11":"product_tag-naturreligion","12":"product_tag-rituale","13":"product_shipping_class-paket","15":"first","16":"onbackorder","17":"taxable","18":"shipping-taxable","19":"purchasable","20":"product-type-simple"},"_links":{"self":[{"href":"https:\/\/shop.mittgard.de\/index.php?rest_route=\/wp\/v2\/product\/23959","targetHints":{"allow":["GET"]}}],"collection":[{"href":"https:\/\/shop.mittgard.de\/index.php?rest_route=\/wp\/v2\/product"}],"about":[{"href":"https:\/\/shop.mittgard.de\/index.php?rest_route=\/wp\/v2\/types\/product"}],"wp:featuredmedia":[{"embeddable":true,"href":"https:\/\/shop.mittgard.de\/index.php?rest_route=\/wp\/v2\/media\/26469"}],"wp:attachment":[{"href":"https:\/\/shop.mittgard.de\/index.php?rest_route=%2Fwp%2Fv2%2Fmedia&parent=23959"}],"wp:term":[{"taxonomy":"product_brand","embeddable":true,"href":"https:\/\/shop.mittgard.de\/index.php?rest_route=%2Fwp%2Fv2%2Fproduct_brand&post=23959"},{"taxonomy":"product_cat","embeddable":true,"href":"https:\/\/shop.mittgard.de\/index.php?rest_route=%2Fwp%2Fv2%2Fproduct_cat&post=23959"},{"taxonomy":"product_tag","embeddable":true,"href":"https:\/\/shop.mittgard.de\/index.php?rest_route=%2Fwp%2Fv2%2Fproduct_tag&post=23959"}],"curies":[{"name":"wp","href":"https:\/\/api.w.org\/{rel}","templated":true}]}}