{"id":24015,"date":"2024-05-06T12:45:54","date_gmt":"2024-05-06T10:45:54","guid":{"rendered":"https:\/\/shop.mittgard.de\/?post_type=product&#038;p=24015"},"modified":"2026-01-29T09:41:50","modified_gmt":"2026-01-29T08:41:50","slug":"scheibenfibel-keltischer-knoten-bronze","status":"publish","type":"product","link":"https:\/\/shop.mittgard.de\/?product=scheibenfibel-keltischer-knoten-bronze","title":{"rendered":"Scheibenfibel keltischer Knoten Bronze"},"content":{"rendered":"<p>Gr\u00f6\u00dfe \u00d8 5,6 cm, mit einer \u00d6se zum Einh\u00e4ngen von Ketten u.a.<\/p>\n<p>Der keltische Knoten steht f\u00fcr die Unendlichkeit des Lebens, den ewigen Kreislauf von Werden und Vergehen, ohne Anfang und Ende.<\/p>\n<p>Bronze<\/p>\n","protected":false},"excerpt":{"rendered":"<p>Gr\u00f6\u00dfe \u00d8 5,6 cm, mit einer \u00d6se zum Einh\u00e4ngen von Ketten u.a. Der keltische Knoten steht f\u00fcr die Unendlichkeit des Lebens, den ewigen Kreislauf von Werden und Vergehen, ohne Anfang und Ende. Bronze<\/p>\n","protected":false},"featured_media":26039,"template":"","meta":[],"product_brand":[],"product_cat":[483,478,455],"product_tag":[472,611,1536],"class_list":{"0":"post-24015","1":"product","2":"type-product","3":"status-publish","4":"has-post-thumbnail","6":"product_cat-fibeln-keltischer-schmuck","7":"product_cat-keltischer-schmuck","8":"product_cat-schmuck","9":"product_tag-bronze","10":"product_tag-gewandschliesse","11":"product_tag-keltischer-knoten","12":"product_shipping_class-brief","14":"first","15":"onbackorder","16":"taxable","17":"shipping-taxable","18":"purchasable","19":"product-type-simple"},"_links":{"self":[{"href":"https:\/\/shop.mittgard.de\/index.php?rest_route=\/wp\/v2\/product\/24015","targetHints":{"allow":["GET"]}}],"collection":[{"href":"https:\/\/shop.mittgard.de\/index.php?rest_route=\/wp\/v2\/product"}],"about":[{"href":"https:\/\/shop.mittgard.de\/index.php?rest_route=\/wp\/v2\/types\/product"}],"wp:featuredmedia":[{"embeddable":true,"href":"https:\/\/shop.mittgard.de\/index.php?rest_route=\/wp\/v2\/media\/26039"}],"wp:attachment":[{"href":"https:\/\/shop.mittgard.de\/index.php?rest_route=%2Fwp%2Fv2%2Fmedia&parent=24015"}],"wp:term":[{"taxonomy":"product_brand","embeddable":true,"href":"https:\/\/shop.mittgard.de\/index.php?rest_route=%2Fwp%2Fv2%2Fproduct_brand&post=24015"},{"taxonomy":"product_cat","embeddable":true,"href":"https:\/\/shop.mittgard.de\/index.php?rest_route=%2Fwp%2Fv2%2Fproduct_cat&post=24015"},{"taxonomy":"product_tag","embeddable":true,"href":"https:\/\/shop.mittgard.de\/index.php?rest_route=%2Fwp%2Fv2%2Fproduct_tag&post=24015"}],"curies":[{"name":"wp","href":"https:\/\/api.w.org\/{rel}","templated":true}]}}