{"id":24030,"date":"2024-05-06T13:39:26","date_gmt":"2024-05-06T11:39:26","guid":{"rendered":"https:\/\/shop.mittgard.de\/?post_type=product&#038;p=24030"},"modified":"2026-01-29T09:55:58","modified_gmt":"2026-01-29T08:55:58","slug":"knotenohrringe-silber","status":"publish","type":"product","link":"https:\/\/shop.mittgard.de\/?product=knotenohrringe-silber","title":{"rendered":"Knotenohrringe Silber"},"content":{"rendered":"<p>Ohrringe in Form eines keltischen Knotens.<\/p>\n<p>Der Knoten steht f\u00fcr die Unendlichkeit des Lebens, dem ewigen Werden und Vergehen, dem Kreislauf des Lebens, ohne Anfang und Ende.<\/p>\n<p>Gr\u00f6\u00dfe ca. 4,30 x 2,10 cm, Sterlingsilber<\/p>\n","protected":false},"excerpt":{"rendered":"<p>Ohrringe in Form eines keltischen Knotens. Der Knoten steht f\u00fcr die Unendlichkeit des Lebens, dem ewigen Werden und Vergehen, dem Kreislauf des Lebens, ohne Anfang und Ende. Gr\u00f6\u00dfe ca. 4,30 x 2,10 cm, Sterlingsilber<\/p>\n","protected":false},"featured_media":26041,"template":"","meta":[],"product_brand":[],"product_cat":[478,768,455],"product_tag":[313,786,795,1538,794],"class_list":{"0":"post-24030","1":"product","2":"type-product","3":"status-publish","4":"has-post-thumbnail","6":"product_cat-keltischer-schmuck","7":"product_cat-ohr-fingerringe-keltischer-schmuck","8":"product_cat-schmuck","9":"product_tag-kelten","10":"product_tag-knoten","11":"product_tag-kreislauf-des-lebens","12":"product_tag-ohrringe","13":"product_tag-unendlichkeit","14":"product_shipping_class-brief","16":"first","17":"onbackorder","18":"taxable","19":"shipping-taxable","20":"purchasable","21":"product-type-simple"},"_links":{"self":[{"href":"https:\/\/shop.mittgard.de\/index.php?rest_route=\/wp\/v2\/product\/24030","targetHints":{"allow":["GET"]}}],"collection":[{"href":"https:\/\/shop.mittgard.de\/index.php?rest_route=\/wp\/v2\/product"}],"about":[{"href":"https:\/\/shop.mittgard.de\/index.php?rest_route=\/wp\/v2\/types\/product"}],"wp:featuredmedia":[{"embeddable":true,"href":"https:\/\/shop.mittgard.de\/index.php?rest_route=\/wp\/v2\/media\/26041"}],"wp:attachment":[{"href":"https:\/\/shop.mittgard.de\/index.php?rest_route=%2Fwp%2Fv2%2Fmedia&parent=24030"}],"wp:term":[{"taxonomy":"product_brand","embeddable":true,"href":"https:\/\/shop.mittgard.de\/index.php?rest_route=%2Fwp%2Fv2%2Fproduct_brand&post=24030"},{"taxonomy":"product_cat","embeddable":true,"href":"https:\/\/shop.mittgard.de\/index.php?rest_route=%2Fwp%2Fv2%2Fproduct_cat&post=24030"},{"taxonomy":"product_tag","embeddable":true,"href":"https:\/\/shop.mittgard.de\/index.php?rest_route=%2Fwp%2Fv2%2Fproduct_tag&post=24030"}],"curies":[{"name":"wp","href":"https:\/\/api.w.org\/{rel}","templated":true}]}}