{"id":24081,"date":"2024-05-21T13:40:49","date_gmt":"2024-05-21T11:40:49","guid":{"rendered":"https:\/\/shop.mittgard.de\/?post_type=product&#038;p=24081"},"modified":"2025-10-09T15:12:31","modified_gmt":"2025-10-09T13:12:31","slug":"rudow-alexander-der-limes","status":"publish","type":"product","link":"https:\/\/shop.mittgard.de\/?product=rudow-alexander-der-limes","title":{"rendered":"Rudow, Alexander &#8222;Der Limes&#8220;"},"content":{"rendered":"<p>Geschichte &#8211; Bedeutung &#8211; Wirkung<\/p>\n<p>Die Au\u00dfengrenzen Roms<\/p>\n<p>Weithin sichtbar sollten die Au\u00dfengrenzen Roms f\u00fcr Freund und Feind markiert sein. Den Bau der Limites ( = Grenzwege) betrieb das R\u00f6mische Reich mit gro\u00dfem Aufwand.<\/p>\n<p>Dieses neue, reichhaltig bebilderte Werk reflektiert im Lichte der neuesten Forschungsergebnisse die Intentionen, die Entstehung und die Funktion dieser sich \u00fcber Hunderte von Kilometern erstreckenden Grenzanlagen.<\/p>\n<p>Alexander Rudow, geboren 1972 in M\u00fcnster\/Westfalen, ist Jurist. W\u00e4hrend seines Studiums und anschlie\u00dfenden Referendariats schrieb er bereits als freier Journalist f\u00fcr verschiedene regionale Tageszeitungen. Mittlerweile arbeitet er als Lektor und freier Autor. In diesem Verlag erschien bereits &#8222;Furor Teutonicus. Der Sieg des Arminius \u00fcber die R\u00f6mer in der Varusschlacht&#8220; und &#8222;Die r\u00f6mische Armee&#8220;.<\/p>\n<p>Gebundene Ausgabe, 160 Seiten<\/p>\n","protected":false},"excerpt":{"rendered":"<p>Geb<\/p>\n","protected":false},"featured_media":26433,"template":"","meta":[],"product_brand":[],"product_cat":[192,185],"product_tag":[336,1132,663],"class_list":{"0":"post-24081","1":"product","2":"type-product","3":"status-publish","4":"has-post-thumbnail","6":"product_cat-geschichte","7":"product_cat-literatur","8":"product_tag-germanen","9":"product_tag-limes","10":"product_tag-rom","11":"product_shipping_class-paket","13":"first","14":"onbackorder","15":"taxable","16":"shipping-taxable","17":"purchasable","18":"product-type-simple"},"_links":{"self":[{"href":"https:\/\/shop.mittgard.de\/index.php?rest_route=\/wp\/v2\/product\/24081","targetHints":{"allow":["GET"]}}],"collection":[{"href":"https:\/\/shop.mittgard.de\/index.php?rest_route=\/wp\/v2\/product"}],"about":[{"href":"https:\/\/shop.mittgard.de\/index.php?rest_route=\/wp\/v2\/types\/product"}],"wp:featuredmedia":[{"embeddable":true,"href":"https:\/\/shop.mittgard.de\/index.php?rest_route=\/wp\/v2\/media\/26433"}],"wp:attachment":[{"href":"https:\/\/shop.mittgard.de\/index.php?rest_route=%2Fwp%2Fv2%2Fmedia&parent=24081"}],"wp:term":[{"taxonomy":"product_brand","embeddable":true,"href":"https:\/\/shop.mittgard.de\/index.php?rest_route=%2Fwp%2Fv2%2Fproduct_brand&post=24081"},{"taxonomy":"product_cat","embeddable":true,"href":"https:\/\/shop.mittgard.de\/index.php?rest_route=%2Fwp%2Fv2%2Fproduct_cat&post=24081"},{"taxonomy":"product_tag","embeddable":true,"href":"https:\/\/shop.mittgard.de\/index.php?rest_route=%2Fwp%2Fv2%2Fproduct_tag&post=24081"}],"curies":[{"name":"wp","href":"https:\/\/api.w.org\/{rel}","templated":true}]}}