{"id":24091,"date":"2024-05-24T11:28:49","date_gmt":"2024-05-24T09:28:49","guid":{"rendered":"https:\/\/shop.mittgard.de\/?post_type=product&#038;p=24091"},"modified":"2025-10-08T18:23:30","modified_gmt":"2025-10-08T16:23:30","slug":"mayer-wundsam-erdenmann","status":"publish","type":"product","link":"https:\/\/shop.mittgard.de\/?product=mayer-wundsam-erdenmann","title":{"rendered":"Mayer\/Wundsam &#8222;Erdenmann&#8220;"},"content":{"rendered":"<p>Im Jahreslauf mit Heilpflanzen, Impulsen &amp; Rezepten<\/p>\n<p>Wir leben in einer Zeit der allgemeinen Verwirrung, kombiniert zum Teil auch mit einer Abkehr von traditionellen Werten, Gesellschaftsbildern und bisherigen Vorstellungen \u00fcber das Leben. Dies gilt ganz besonders f\u00fcr unser Leben mit und unserer Verbindung zur Natur.<\/p>\n<p>F\u00fcr den Mann geht es in dieser Zeit des totalen Wandels um alles. Er steht im wahrsten Sinne des Wortes vor der Existenzfrage, weil das Rollenbild der letzten Jahrtausende nun nicht mehr aufrechterhalten werden kann.\u00a0 Ein m\u00f6glicher erster Schritt ist es, die Verbindung zu seiner nat\u00fcrlichen Umgebung wieder herzustellen, die zyklischen Abl\u00e4ufe und nat\u00fcrlichen Rhythmen der Erde wieder wahrzunehmen und in das eigene Leben zu integrieren.<\/p>\n<p>Um diesen Weg des Mannes auf bestm\u00f6gliche Weise zu unterst\u00fctzen, zeigt dieses Buch anhand der acht Wandlungsphasen, die die Erde innerhalb eines Jahres durchlebt, verschiedenste M\u00f6glichkeiten auf, wahre und m\u00e4nnliche Kraft, Vitalit\u00e4t, Gesundheit und Wohlbefinden zu erlangen. Jeder Wandlungsphase sind verschiedene Regionen des K\u00f6rpers, die dazu passenden Kr\u00e4uter, alltagstaugliche Tipps f\u00fcr die Erlangung und Erhaltung der Gesundheit, kurze Impulse zur Steigerung des Wohlbefindens sowie Kurzgeschichten \u00fcber den Zyklus des Lebens zugeordnet.<\/p>\n<p>Das uralte Wissen um die Wirkung von Kr\u00e4utern und deren Einsatz unterst\u00fctzt alle Bereiche des menschlichen K\u00f6rpers und seine Seele. Mehr als 270 schmackhafte Kr\u00e4uterrezepte laden den Erdenmann dazu ein, auf offenem Feuer k\u00f6stliches Brot und Geb\u00e4ck zu backen, dazupassende Dips zu r\u00fchren, leckere Smoothies zu mixen, ein schnelles Fr\u00fchst\u00fcck in Form von Porridge und Overnight Oats zu genie\u00dfen, nahrhafte Energieriegel f\u00fcr die Mittagspause zu bereiten oder den Tag mit einer w\u00e4rmenden Suppe zu schlie\u00dfen. Einfache Naturkosmetikrezepte unterstreichen die Sch\u00f6nheit eines vitalen Mannes.<\/p>\n<p>M\u00f6ge dieses Buch zur Wiederherstellung dieser nat\u00fcrlichen Verbindung beitragen!<\/p>\n<p>Gebundene Ausgabe, 196 Seiten<\/p>\n","protected":false},"excerpt":{"rendered":"<p>Geb<\/p>\n","protected":false},"featured_media":26249,"template":"","meta":[],"product_brand":[],"product_cat":[186,195,185,201,206],"product_tag":[937,959,1332,406,382],"class_list":{"0":"post-24091","1":"product","2":"type-product","3":"status-publish","4":"has-post-thumbnail","6":"product_cat-alternativ-leben","7":"product_cat-hexentum-schamanismus","8":"product_cat-literatur","9":"product_cat-naturheilkunde-kraeuterwissen","10":"product_cat-naturkost","11":"product_tag-heilkraeuter","12":"product_tag-jahreskreisfeste","13":"product_tag-naturkost","14":"product_tag-rezepte","15":"product_tag-rituale","16":"product_shipping_class-paket","18":"first","19":"onbackorder","20":"taxable","21":"shipping-taxable","22":"purchasable","23":"product-type-simple"},"_links":{"self":[{"href":"https:\/\/shop.mittgard.de\/index.php?rest_route=\/wp\/v2\/product\/24091","targetHints":{"allow":["GET"]}}],"collection":[{"href":"https:\/\/shop.mittgard.de\/index.php?rest_route=\/wp\/v2\/product"}],"about":[{"href":"https:\/\/shop.mittgard.de\/index.php?rest_route=\/wp\/v2\/types\/product"}],"wp:featuredmedia":[{"embeddable":true,"href":"https:\/\/shop.mittgard.de\/index.php?rest_route=\/wp\/v2\/media\/26249"}],"wp:attachment":[{"href":"https:\/\/shop.mittgard.de\/index.php?rest_route=%2Fwp%2Fv2%2Fmedia&parent=24091"}],"wp:term":[{"taxonomy":"product_brand","embeddable":true,"href":"https:\/\/shop.mittgard.de\/index.php?rest_route=%2Fwp%2Fv2%2Fproduct_brand&post=24091"},{"taxonomy":"product_cat","embeddable":true,"href":"https:\/\/shop.mittgard.de\/index.php?rest_route=%2Fwp%2Fv2%2Fproduct_cat&post=24091"},{"taxonomy":"product_tag","embeddable":true,"href":"https:\/\/shop.mittgard.de\/index.php?rest_route=%2Fwp%2Fv2%2Fproduct_tag&post=24091"}],"curies":[{"name":"wp","href":"https:\/\/api.w.org\/{rel}","templated":true}]}}