{"id":24122,"date":"2024-06-04T16:32:03","date_gmt":"2024-06-04T14:32:03","guid":{"rendered":"https:\/\/shop.mittgard.de\/?post_type=product&#038;p=24122"},"modified":"2025-10-08T18:45:02","modified_gmt":"2025-10-08T16:45:02","slug":"junkes-mario-sagen-legenden-aus-berlin","status":"publish","type":"product","link":"https:\/\/shop.mittgard.de\/?product=junkes-mario-sagen-legenden-aus-berlin","title":{"rendered":"Junkes, Mario &#8222;Sagen &#038; Legenden aus Berlin&#8220;"},"content":{"rendered":"<p>Berlin bietet eine reichhaltige Tradition unz\u00e4hliger Sagen und Legenden<\/p>\n<p>Mario Junkes hat wieder einmal tief gegraben und diese f\u00fcr Sie gesammelt. Wir treffen zun\u00e4chst Albrecht, den B\u00e4ren und erfahren dann, was es mit der Schildhornsage auf sich hat. Danach machen wir eine Hexenfahrt zu Walpurgis und fliegen mit dem Chorsch\u00fcler, bevor die Schlangen von Bernau uns erschrecken wollen. Schlie\u00dflich lernen wir, wo man Bernauer Bier holt und besuchen M\u00fcller Pumpfu\u00df.<\/p>\n<p>Alle warten darauf, entdeckt zu werden &#8211; und Sie halten die Eintrittskarte in Ihrer Hand.<\/p>\n<p>Mario Junkes, geboren 1972, war nach Ausbildungen zum Fremdsprachenkorrespondent und \u00dcbersetzer f\u00fcr deutsche und internationale Arbeitgeber in mehreren europ\u00e4ischen L\u00e4ndern t\u00e4tig. Seit 2012 widmet er sich zunehmend eigenen Schreibprojekten. Einer seiner Schwerpunkte ist die Sagenwelt Europas.<\/p>\n<p>Gebundene Ausgabe, 160 Seiten<\/p>\n","protected":false},"excerpt":{"rendered":"<p>Geb<\/p>\n","protected":false},"featured_media":26282,"template":"","meta":[],"product_brand":[],"product_cat":[187,185,212],"product_tag":[1540,546,305],"class_list":{"0":"post-24122","1":"product","2":"type-product","3":"status-publish","4":"has-post-thumbnail","6":"product_cat-alternativ-reisen","7":"product_cat-literatur","8":"product_cat-sagen","9":"product_tag-berlin","10":"product_tag-legenden","11":"product_tag-sagen","12":"product_shipping_class-paket","14":"first","15":"instock","16":"taxable","17":"shipping-taxable","18":"purchasable","19":"product-type-simple"},"_links":{"self":[{"href":"https:\/\/shop.mittgard.de\/index.php?rest_route=\/wp\/v2\/product\/24122","targetHints":{"allow":["GET"]}}],"collection":[{"href":"https:\/\/shop.mittgard.de\/index.php?rest_route=\/wp\/v2\/product"}],"about":[{"href":"https:\/\/shop.mittgard.de\/index.php?rest_route=\/wp\/v2\/types\/product"}],"wp:featuredmedia":[{"embeddable":true,"href":"https:\/\/shop.mittgard.de\/index.php?rest_route=\/wp\/v2\/media\/26282"}],"wp:attachment":[{"href":"https:\/\/shop.mittgard.de\/index.php?rest_route=%2Fwp%2Fv2%2Fmedia&parent=24122"}],"wp:term":[{"taxonomy":"product_brand","embeddable":true,"href":"https:\/\/shop.mittgard.de\/index.php?rest_route=%2Fwp%2Fv2%2Fproduct_brand&post=24122"},{"taxonomy":"product_cat","embeddable":true,"href":"https:\/\/shop.mittgard.de\/index.php?rest_route=%2Fwp%2Fv2%2Fproduct_cat&post=24122"},{"taxonomy":"product_tag","embeddable":true,"href":"https:\/\/shop.mittgard.de\/index.php?rest_route=%2Fwp%2Fv2%2Fproduct_tag&post=24122"}],"curies":[{"name":"wp","href":"https:\/\/api.w.org\/{rel}","templated":true}]}}