{"id":24133,"date":"2024-06-04T17:01:01","date_gmt":"2024-06-04T15:01:01","guid":{"rendered":"https:\/\/shop.mittgard.de\/?post_type=product&#038;p=24133"},"modified":"2025-09-30T17:06:39","modified_gmt":"2025-09-30T15:06:39","slug":"wikingerkette-7","status":"publish","type":"product","link":"https:\/\/shop.mittgard.de\/?product=wikingerkette-7","title":{"rendered":"Wikingerkette 7"},"content":{"rendered":"<p>um ein 2,5 x 1,5 cm gro\u00dfes St\u00fcck wei\u00dfe Koralle gruppieren sich 2 rot eingef\u00e4rbte beschnitzte Knochenperlen<\/p>\n","protected":false},"excerpt":{"rendered":"<p>um ein 2,5 x 1,5 cm gro\u00dfes St\u00fcck wei\u00dfe Koralle gruppieren sich 2 rot eingef\u00e4rbte beschnitzte Knochenperlen<\/p>\n","protected":false},"featured_media":25985,"template":"","meta":[],"product_brand":[],"product_cat":[457,455],"product_tag":[458,466],"class_list":{"0":"post-24133","1":"product","2":"type-product","3":"status-publish","4":"has-post-thumbnail","6":"product_cat-einzelstuecke","7":"product_cat-schmuck","8":"product_tag-knochen","9":"product_tag-koralle","10":"product_shipping_class-brief","12":"first","13":"instock","14":"sold-individually","15":"taxable","16":"shipping-taxable","17":"purchasable","18":"product-type-simple"},"_links":{"self":[{"href":"https:\/\/shop.mittgard.de\/index.php?rest_route=\/wp\/v2\/product\/24133","targetHints":{"allow":["GET"]}}],"collection":[{"href":"https:\/\/shop.mittgard.de\/index.php?rest_route=\/wp\/v2\/product"}],"about":[{"href":"https:\/\/shop.mittgard.de\/index.php?rest_route=\/wp\/v2\/types\/product"}],"wp:featuredmedia":[{"embeddable":true,"href":"https:\/\/shop.mittgard.de\/index.php?rest_route=\/wp\/v2\/media\/25985"}],"wp:attachment":[{"href":"https:\/\/shop.mittgard.de\/index.php?rest_route=%2Fwp%2Fv2%2Fmedia&parent=24133"}],"wp:term":[{"taxonomy":"product_brand","embeddable":true,"href":"https:\/\/shop.mittgard.de\/index.php?rest_route=%2Fwp%2Fv2%2Fproduct_brand&post=24133"},{"taxonomy":"product_cat","embeddable":true,"href":"https:\/\/shop.mittgard.de\/index.php?rest_route=%2Fwp%2Fv2%2Fproduct_cat&post=24133"},{"taxonomy":"product_tag","embeddable":true,"href":"https:\/\/shop.mittgard.de\/index.php?rest_route=%2Fwp%2Fv2%2Fproduct_tag&post=24133"}],"curies":[{"name":"wp","href":"https:\/\/api.w.org\/{rel}","templated":true}]}}