{"id":24135,"date":"2024-06-04T17:02:06","date_gmt":"2024-06-04T15:02:06","guid":{"rendered":"https:\/\/shop.mittgard.de\/?post_type=product&#038;p=24135"},"modified":"2025-09-30T17:07:58","modified_gmt":"2025-09-30T15:07:58","slug":"wikingerkette-8","status":"publish","type":"product","link":"https:\/\/shop.mittgard.de\/?product=wikingerkette-8","title":{"rendered":"Wikingerkette 8"},"content":{"rendered":"<p>um ein 3 x 2 cm gro\u00dfes St\u00fcck wei\u00dfe Koralle gruppieren sich 2 gr\u00fcne Glasperlen<\/p>\n","protected":false},"excerpt":{"rendered":"<p>um ein 3 x 2 cm gro\u00dfes St\u00fcck wei\u00dfe Koralle gruppieren sich 2 gr\u00fcne Glasperlen<\/p>\n","protected":false},"featured_media":25986,"template":"","meta":[],"product_brand":[],"product_cat":[457,455],"product_tag":[299,466],"class_list":{"0":"post-24135","1":"product","2":"type-product","3":"status-publish","4":"has-post-thumbnail","6":"product_cat-einzelstuecke","7":"product_cat-schmuck","8":"product_tag-glas","9":"product_tag-koralle","10":"product_shipping_class-brief","12":"first","13":"instock","14":"sold-individually","15":"taxable","16":"shipping-taxable","17":"purchasable","18":"product-type-simple"},"_links":{"self":[{"href":"https:\/\/shop.mittgard.de\/index.php?rest_route=\/wp\/v2\/product\/24135","targetHints":{"allow":["GET"]}}],"collection":[{"href":"https:\/\/shop.mittgard.de\/index.php?rest_route=\/wp\/v2\/product"}],"about":[{"href":"https:\/\/shop.mittgard.de\/index.php?rest_route=\/wp\/v2\/types\/product"}],"wp:featuredmedia":[{"embeddable":true,"href":"https:\/\/shop.mittgard.de\/index.php?rest_route=\/wp\/v2\/media\/25986"}],"wp:attachment":[{"href":"https:\/\/shop.mittgard.de\/index.php?rest_route=%2Fwp%2Fv2%2Fmedia&parent=24135"}],"wp:term":[{"taxonomy":"product_brand","embeddable":true,"href":"https:\/\/shop.mittgard.de\/index.php?rest_route=%2Fwp%2Fv2%2Fproduct_brand&post=24135"},{"taxonomy":"product_cat","embeddable":true,"href":"https:\/\/shop.mittgard.de\/index.php?rest_route=%2Fwp%2Fv2%2Fproduct_cat&post=24135"},{"taxonomy":"product_tag","embeddable":true,"href":"https:\/\/shop.mittgard.de\/index.php?rest_route=%2Fwp%2Fv2%2Fproduct_tag&post=24135"}],"curies":[{"name":"wp","href":"https:\/\/api.w.org\/{rel}","templated":true}]}}