{"id":24167,"date":"2024-06-12T12:46:26","date_gmt":"2024-06-12T10:46:26","guid":{"rendered":"https:\/\/shop.mittgard.de\/?post_type=product&#038;p=24167"},"modified":"2025-09-30T18:39:34","modified_gmt":"2025-09-30T16:39:34","slug":"keltische-hunde-bronze","status":"publish","type":"product","link":"https:\/\/shop.mittgard.de\/?product=keltische-hunde-bronze","title":{"rendered":"keltische Hunde Bronze"},"content":{"rendered":"<p>Die Hunde von Annwn, der Anderswelt wurden sich mit roten Ohren und gespenstig wei\u00dfen K\u00f6rpern vorgestellt. Angef\u00fchrt wurden sie von Arawn oder sp\u00e4ter Gwynn ap Nudd und zogen des n\u00e4chtens als Wilde Jagd durch die L\u00fcfte.<\/p>\n<p>Gr\u00f6\u00dfe 3,4 x 2,1 cm, Schmuckbronze<\/p>\n<p>Lederband inklusive<\/p>\n","protected":false},"excerpt":{"rendered":"<p>Die Hunde von Annwn, der Anderswelt wurden sich mit roten Ohren und gespenstig wei\u00dfen K\u00f6rpern vorgestellt. Angef\u00fchrt wurden sie von Arawn oder sp\u00e4ter Gwynn ap Nudd und zogen des n\u00e4chtens als Wilde Jagd durch die L\u00fcfte. Gr\u00f6\u00dfe 3,4 x 2,1 cm, Schmuckbronze Lederband inklusive<\/p>\n","protected":false},"featured_media":26032,"template":"","meta":[],"product_brand":[],"product_cat":[479,478,455],"product_tag":[505,553,1266],"class_list":{"0":"post-24167","1":"product","2":"type-product","3":"status-publish","4":"has-post-thumbnail","6":"product_cat-anhaenger-keltischer-schmuck","7":"product_cat-keltischer-schmuck","8":"product_cat-schmuck","9":"product_tag-anderswelt","10":"product_tag-hund","11":"product_tag-unterwelt","12":"product_shipping_class-brief","14":"first","15":"instock","16":"taxable","17":"shipping-taxable","18":"purchasable","19":"product-type-simple"},"_links":{"self":[{"href":"https:\/\/shop.mittgard.de\/index.php?rest_route=\/wp\/v2\/product\/24167","targetHints":{"allow":["GET"]}}],"collection":[{"href":"https:\/\/shop.mittgard.de\/index.php?rest_route=\/wp\/v2\/product"}],"about":[{"href":"https:\/\/shop.mittgard.de\/index.php?rest_route=\/wp\/v2\/types\/product"}],"wp:featuredmedia":[{"embeddable":true,"href":"https:\/\/shop.mittgard.de\/index.php?rest_route=\/wp\/v2\/media\/26032"}],"wp:attachment":[{"href":"https:\/\/shop.mittgard.de\/index.php?rest_route=%2Fwp%2Fv2%2Fmedia&parent=24167"}],"wp:term":[{"taxonomy":"product_brand","embeddable":true,"href":"https:\/\/shop.mittgard.de\/index.php?rest_route=%2Fwp%2Fv2%2Fproduct_brand&post=24167"},{"taxonomy":"product_cat","embeddable":true,"href":"https:\/\/shop.mittgard.de\/index.php?rest_route=%2Fwp%2Fv2%2Fproduct_cat&post=24167"},{"taxonomy":"product_tag","embeddable":true,"href":"https:\/\/shop.mittgard.de\/index.php?rest_route=%2Fwp%2Fv2%2Fproduct_tag&post=24167"}],"curies":[{"name":"wp","href":"https:\/\/api.w.org\/{rel}","templated":true}]}}