{"id":24169,"date":"2024-06-12T12:48:32","date_gmt":"2024-06-12T10:48:32","guid":{"rendered":"https:\/\/shop.mittgard.de\/?post_type=product&#038;p=24169"},"modified":"2026-01-29T12:33:44","modified_gmt":"2026-01-29T11:33:44","slug":"triskele-4-klein-silber","status":"publish","type":"product","link":"https:\/\/shop.mittgard.de\/?product=triskele-4-klein-silber","title":{"rendered":"Triskele 4 klein Silber"},"content":{"rendered":"<p>Gr\u00f6\u00dfe \u00d8 1,3 cm, 925er Sterlingsilber<\/p>\n<p>Lederband ist im Preis inklusive<\/p>\n","protected":false},"excerpt":{"rendered":"<p>Gr\u00f6\u00dfe \u00d8 1,3 cm, 925er Sterlingsilber Lederband ist im Preis inklusive<\/p>\n","protected":false},"featured_media":26043,"template":"","meta":[],"product_brand":[],"product_cat":[455,480],"product_tag":[472,313,795,614],"class_list":{"0":"post-24169","1":"product","2":"type-product","3":"status-publish","4":"has-post-thumbnail","6":"product_cat-schmuck","7":"product_cat-triskele","8":"product_tag-bronze","9":"product_tag-kelten","10":"product_tag-kreislauf-des-lebens","11":"product_tag-triskele","12":"product_shipping_class-brief","14":"first","15":"onbackorder","16":"taxable","17":"shipping-taxable","18":"purchasable","19":"product-type-simple"},"_links":{"self":[{"href":"https:\/\/shop.mittgard.de\/index.php?rest_route=\/wp\/v2\/product\/24169","targetHints":{"allow":["GET"]}}],"collection":[{"href":"https:\/\/shop.mittgard.de\/index.php?rest_route=\/wp\/v2\/product"}],"about":[{"href":"https:\/\/shop.mittgard.de\/index.php?rest_route=\/wp\/v2\/types\/product"}],"wp:featuredmedia":[{"embeddable":true,"href":"https:\/\/shop.mittgard.de\/index.php?rest_route=\/wp\/v2\/media\/26043"}],"wp:attachment":[{"href":"https:\/\/shop.mittgard.de\/index.php?rest_route=%2Fwp%2Fv2%2Fmedia&parent=24169"}],"wp:term":[{"taxonomy":"product_brand","embeddable":true,"href":"https:\/\/shop.mittgard.de\/index.php?rest_route=%2Fwp%2Fv2%2Fproduct_brand&post=24169"},{"taxonomy":"product_cat","embeddable":true,"href":"https:\/\/shop.mittgard.de\/index.php?rest_route=%2Fwp%2Fv2%2Fproduct_cat&post=24169"},{"taxonomy":"product_tag","embeddable":true,"href":"https:\/\/shop.mittgard.de\/index.php?rest_route=%2Fwp%2Fv2%2Fproduct_tag&post=24169"}],"curies":[{"name":"wp","href":"https:\/\/api.w.org\/{rel}","templated":true}]}}