{"id":24174,"date":"2024-06-12T12:58:23","date_gmt":"2024-06-12T10:58:23","guid":{"rendered":"https:\/\/shop.mittgard.de\/?post_type=product&#038;p=24174"},"modified":"2025-09-30T17:21:54","modified_gmt":"2025-09-30T15:21:54","slug":"svantevit-bronze-klein","status":"publish","type":"product","link":"https:\/\/shop.mittgard.de\/?product=svantevit-bronze-klein","title":{"rendered":"Svantevit Bronze klein"},"content":{"rendered":"<p>Svantevit &#8211; der vierk\u00f6pfige Gott der R\u00fcgen-Slawen war Kriegsgott und Orakelgott. Der F\u00fcllstand seines Trinkhornes prophezeite gute &amp; schlechte Ernte und seine wei\u00dfe Stute k\u00fcndete von Sieg oder Niederlage in der anstehenden Schlacht. Erst 1168 zerst\u00f6rte der D\u00e4nenk\u00f6nig Waldemar das Kultzentrum der Ranen auf Kap Arkona.<\/p>\n<p>kleine G\u00f6tterstele 3,3 x 0,4 cm. Schmuckbronze<\/p>\n<p>Lederband inklusive<\/p>\n","protected":false},"excerpt":{"rendered":"<p>Svantevit &#8211; der vierk\u00f6pfige Gott der R\u00fcgen-Slawen war Kriegsgott und Orakelgott. Der F\u00fcllstand seines Trinkhornes prophezeite gute &amp; schlechte Ernte und seine wei\u00dfe Stute k\u00fcndete von Sieg oder Niederlage in der anstehenden Schlacht. Erst 1168 zerst\u00f6rte der D\u00e4nenk\u00f6nig Waldemar das Kultzentrum der Ranen auf Kap Arkona. kleine G\u00f6tterstele 3,3 x 0,4 cm. Schmuckbronze Lederband inklusive<\/p>\n","protected":false},"featured_media":25991,"template":"","meta":[],"product_brand":[],"product_cat":[474,456,455],"product_tag":[1544,1543,1542,1541,353],"class_list":{"0":"post-24174","1":"product","2":"type-product","3":"status-publish","4":"has-post-thumbnail","6":"product_cat-anhaenger","7":"product_cat-germanen-wikinger","8":"product_cat-schmuck","9":"product_tag-goetterstele","10":"product_tag-kap-arkona","11":"product_tag-ranen","12":"product_tag-ruegen","13":"product_tag-slawen","14":"product_shipping_class-brief","16":"first","17":"onbackorder","18":"taxable","19":"shipping-taxable","20":"purchasable","21":"product-type-simple"},"_links":{"self":[{"href":"https:\/\/shop.mittgard.de\/index.php?rest_route=\/wp\/v2\/product\/24174","targetHints":{"allow":["GET"]}}],"collection":[{"href":"https:\/\/shop.mittgard.de\/index.php?rest_route=\/wp\/v2\/product"}],"about":[{"href":"https:\/\/shop.mittgard.de\/index.php?rest_route=\/wp\/v2\/types\/product"}],"wp:featuredmedia":[{"embeddable":true,"href":"https:\/\/shop.mittgard.de\/index.php?rest_route=\/wp\/v2\/media\/25991"}],"wp:attachment":[{"href":"https:\/\/shop.mittgard.de\/index.php?rest_route=%2Fwp%2Fv2%2Fmedia&parent=24174"}],"wp:term":[{"taxonomy":"product_brand","embeddable":true,"href":"https:\/\/shop.mittgard.de\/index.php?rest_route=%2Fwp%2Fv2%2Fproduct_brand&post=24174"},{"taxonomy":"product_cat","embeddable":true,"href":"https:\/\/shop.mittgard.de\/index.php?rest_route=%2Fwp%2Fv2%2Fproduct_cat&post=24174"},{"taxonomy":"product_tag","embeddable":true,"href":"https:\/\/shop.mittgard.de\/index.php?rest_route=%2Fwp%2Fv2%2Fproduct_tag&post=24174"}],"curies":[{"name":"wp","href":"https:\/\/api.w.org\/{rel}","templated":true}]}}