{"id":24183,"date":"2024-06-13T17:14:34","date_gmt":"2024-06-13T15:14:34","guid":{"rendered":"https:\/\/shop.mittgard.de\/?post_type=product&#038;p=24183"},"modified":"2025-10-08T19:31:16","modified_gmt":"2025-10-08T17:31:16","slug":"sundqvist-skandinavisches-kerbholzschnitzen","status":"publish","type":"product","link":"https:\/\/shop.mittgard.de\/?product=sundqvist-skandinavisches-kerbholzschnitzen","title":{"rendered":"Sundqvist &#8222;Skandinavisches Kerbholzschnitzen&#8220;"},"content":{"rendered":"<p>Frische Designs &#8211; neue und bew\u00e4hrte Techniken<\/p>\n<p>Das Buch zeigt Techniken zum Keilschnitt und Nagelschnitt, zu Linien und Buchstaben und f\u00fcr die Reliefschnitzerei. Au\u00dferdem erkl\u00e4rt der Autor, welches Holz, welche Messer und Werkzeuge man f\u00fcr den Anfang braucht und wie man das fertige Werk farbig gestalten kann.<\/p>\n<p>Enthalten sind 15 Projekte, von einfachen Verzierungen auf Messergriffen und Schildern bis hin zu anspruchsvollen Objekten wie Schachteln und K\u00e4mmen. Die vertiefte Besch\u00e4ftigung mit den Techniken erlaubt es, \u00fcber die gezeigten Projekte hinaus eigene Wege zu gehen.<\/p>\n<p><em>Skandinavisches Kerbschnitzen\u00a0<\/em>vermittelt nicht nur praktisches Wissen, sondern \u00f6ffnet auch ein Fenster in die schwedische Sl\u00f6jdtradition und bietet faszinierende, ausf\u00fchrliche Beschreibungen der verschiedenen Muster und Symbole. Durch aussagekr\u00e4ftige Verzierungen hat die Schnitzerei dem Sl\u00f6jd-Holzhandwerk im Laufe der Geschichte eine Seele gegeben, so der Autor. Mit diesem Schnitzbuch, seinem zweiten, gibt er eine eindrucksvolle Beschreibung der skandinavischen Variante dieses Handwerks.<\/p>\n<p>J\u00f6gge Sundqvist schnitzt seit Kindestagen und ist heute professioneller Kunsthandwerker. Er arbeitet in der Sl\u00f6jd-Bewegung und als freier K\u00fcnstler. Er interessiert sich f\u00fcr die skandinavischen Traditionen und hat daraus einen ganz eigenen, farbenfrohen Stil entwickelt.<\/p>\n<p>Dieses Buch ist sein zweites \u00fcber das Schnitzen. Der Vorg\u00e4ngerband liegt auf Deutsch in neuer Bearbeitung unter dem Titel <em>Handgeschnitzt!<\/em> vor.<\/p>\n<p>Gebundene Ausgabe, 176 Seiten<\/p>\n","protected":false},"excerpt":{"rendered":"<p>Geb<\/p>\n","protected":false},"featured_media":26351,"template":"","meta":[],"product_brand":[],"product_cat":[188,185],"product_tag":[275,265],"class_list":{"0":"post-24183","1":"product","2":"type-product","3":"status-publish","4":"has-post-thumbnail","6":"product_cat-altes-handwerk","7":"product_cat-literatur","8":"product_tag-holzbearbeitung","9":"product_tag-schnitzen","10":"product_shipping_class-paket","12":"first","13":"onbackorder","14":"taxable","15":"shipping-taxable","16":"purchasable","17":"product-type-simple"},"_links":{"self":[{"href":"https:\/\/shop.mittgard.de\/index.php?rest_route=\/wp\/v2\/product\/24183","targetHints":{"allow":["GET"]}}],"collection":[{"href":"https:\/\/shop.mittgard.de\/index.php?rest_route=\/wp\/v2\/product"}],"about":[{"href":"https:\/\/shop.mittgard.de\/index.php?rest_route=\/wp\/v2\/types\/product"}],"wp:featuredmedia":[{"embeddable":true,"href":"https:\/\/shop.mittgard.de\/index.php?rest_route=\/wp\/v2\/media\/26351"}],"wp:attachment":[{"href":"https:\/\/shop.mittgard.de\/index.php?rest_route=%2Fwp%2Fv2%2Fmedia&parent=24183"}],"wp:term":[{"taxonomy":"product_brand","embeddable":true,"href":"https:\/\/shop.mittgard.de\/index.php?rest_route=%2Fwp%2Fv2%2Fproduct_brand&post=24183"},{"taxonomy":"product_cat","embeddable":true,"href":"https:\/\/shop.mittgard.de\/index.php?rest_route=%2Fwp%2Fv2%2Fproduct_cat&post=24183"},{"taxonomy":"product_tag","embeddable":true,"href":"https:\/\/shop.mittgard.de\/index.php?rest_route=%2Fwp%2Fv2%2Fproduct_tag&post=24183"}],"curies":[{"name":"wp","href":"https:\/\/api.w.org\/{rel}","templated":true}]}}