{"id":24189,"date":"2024-06-13T17:23:44","date_gmt":"2024-06-13T15:23:44","guid":{"rendered":"https:\/\/shop.mittgard.de\/?post_type=product&#038;p=24189"},"modified":"2025-10-06T13:01:24","modified_gmt":"2025-10-06T11:01:24","slug":"booth-abigail-wild-gefaerbt","status":"publish","type":"product","link":"https:\/\/shop.mittgard.de\/?product=booth-abigail-wild-gefaerbt","title":{"rendered":"Booth, Abigail &#8222;wild gef\u00e4rbt&#8220;"},"content":{"rendered":"<p>Pflanzen sammeln, Stoffe f\u00e4rben, Sch\u00f6nes n\u00e4hen<\/p>\n<p>Stoffe mit Pflanzen zu f\u00e4rben, ist \u00fcberall m\u00f6glich, egal ob Sie in der Stadt oder auf dem Land leben. F\u00e4rberpflanzen und nat\u00fcrliche Rohstoffe zum F\u00e4rben findet man in Parks, am Wegesrand, im eigenen Garten oder sogar in der K\u00fcche und im Vorratsschrank.<\/p>\n<p>In diesem Buch vermittelt die K\u00fcnstlerin Abigail Booth grundlegende Kenntnisse \u00fcber das F\u00e4rben mit Pflanzen und stellt N\u00e4hprojekte f\u00fcr Stoffe vor, die vorab selbst gef\u00e4rbt wurden. Daraus entstehen Schritt f\u00fcr Schritt sowohl zeitlos sch\u00f6ne Alltagstextilien wie von Hand gequiltete Untersetzer, Patchwork-Tischsets oder eine edle Decke aus Stoffstreifen als auch praktische Begleiter wie ein Gartenkittel oder eine Sammlertasche.<\/p>\n<p><em>Wild gef\u00e4rbt<\/em> ist ein inspirierender Begleiter , der Sie dazu einl\u00e4dt, auf Entdeckungsreise zu gehen und in die Welt der Naturfarben einzutauchen.<\/p>\n<p>Gebundene Ausgabe, 160 Seiten<\/p>\n","protected":false},"excerpt":{"rendered":"<p>Geb<\/p>\n","protected":false},"featured_media":26107,"template":"","meta":[],"product_brand":[],"product_cat":[186,188,185],"product_tag":[934,257,290,1545,297],"class_list":{"0":"post-24189","1":"product","2":"type-product","3":"status-publish","4":"has-post-thumbnail","6":"product_cat-alternativ-leben","7":"product_cat-altes-handwerk","8":"product_cat-literatur","9":"product_tag-faerbepflanzen","10":"product_tag-naehen","11":"product_tag-naturfarben","12":"product_tag-pflanzen-faerben","13":"product_tag-schneidern","14":"product_shipping_class-paket","16":"first","17":"onbackorder","18":"taxable","19":"shipping-taxable","20":"purchasable","21":"product-type-simple"},"_links":{"self":[{"href":"https:\/\/shop.mittgard.de\/index.php?rest_route=\/wp\/v2\/product\/24189","targetHints":{"allow":["GET"]}}],"collection":[{"href":"https:\/\/shop.mittgard.de\/index.php?rest_route=\/wp\/v2\/product"}],"about":[{"href":"https:\/\/shop.mittgard.de\/index.php?rest_route=\/wp\/v2\/types\/product"}],"wp:featuredmedia":[{"embeddable":true,"href":"https:\/\/shop.mittgard.de\/index.php?rest_route=\/wp\/v2\/media\/26107"}],"wp:attachment":[{"href":"https:\/\/shop.mittgard.de\/index.php?rest_route=%2Fwp%2Fv2%2Fmedia&parent=24189"}],"wp:term":[{"taxonomy":"product_brand","embeddable":true,"href":"https:\/\/shop.mittgard.de\/index.php?rest_route=%2Fwp%2Fv2%2Fproduct_brand&post=24189"},{"taxonomy":"product_cat","embeddable":true,"href":"https:\/\/shop.mittgard.de\/index.php?rest_route=%2Fwp%2Fv2%2Fproduct_cat&post=24189"},{"taxonomy":"product_tag","embeddable":true,"href":"https:\/\/shop.mittgard.de\/index.php?rest_route=%2Fwp%2Fv2%2Fproduct_tag&post=24189"}],"curies":[{"name":"wp","href":"https:\/\/api.w.org\/{rel}","templated":true}]}}