{"id":2419,"date":"2018-06-22T15:39:04","date_gmt":"2018-06-22T13:39:04","guid":{"rendered":"http:\/\/shop.mittgard.de\/?product=import-placeholder-for-1298"},"modified":"2024-12-14T15:55:31","modified_gmt":"2024-12-14T14:55:31","slug":"raeuchersieb-o-115-cm-3","status":"publish","type":"product","link":"https:\/\/shop.mittgard.de\/?product=raeuchersieb-o-115-cm-3","title":{"rendered":"R\u00e4uchersieb \u00d8 11,5 cm"},"content":{"rendered":"<p>f\u00fcr die Aromalampe, Durchmesser 11,5 cm, aus Messing, man braucht keine Kohle mehr, nur ein Teelicht, 1 St\u00fcck<\/p>\n<p>inklusive einer kleinen Reinigungsb\u00fcrste<\/p>\n","protected":false},"excerpt":{"rendered":"<p>f\u00fcr die Aromalampe, Durchmesser 11,5 cm, aus Messing, man braucht keine Kohle mehr, nur ein Teelicht, 1 St\u00fcck inklusive einer kleinen Reinigungsb\u00fcrste<\/p>\n","protected":false},"featured_media":8111,"template":"","meta":[],"product_brand":[],"product_cat":[111,110],"product_tag":[668,643,943],"class_list":{"0":"post-2419","1":"product","2":"type-product","3":"status-publish","4":"has-post-thumbnail","6":"product_cat-raeucherkohle-zubehoer","7":"product_cat-raeucherwerk","8":"product_tag-aromalampe","9":"product_tag-raeuchern","10":"product_tag-sieb","11":"product_shipping_class-paket","13":"first","14":"onbackorder","15":"taxable","16":"shipping-taxable","17":"purchasable","18":"product-type-simple"},"_links":{"self":[{"href":"https:\/\/shop.mittgard.de\/index.php?rest_route=\/wp\/v2\/product\/2419","targetHints":{"allow":["GET"]}}],"collection":[{"href":"https:\/\/shop.mittgard.de\/index.php?rest_route=\/wp\/v2\/product"}],"about":[{"href":"https:\/\/shop.mittgard.de\/index.php?rest_route=\/wp\/v2\/types\/product"}],"wp:featuredmedia":[{"embeddable":true,"href":"https:\/\/shop.mittgard.de\/index.php?rest_route=\/wp\/v2\/media\/8111"}],"wp:attachment":[{"href":"https:\/\/shop.mittgard.de\/index.php?rest_route=%2Fwp%2Fv2%2Fmedia&parent=2419"}],"wp:term":[{"taxonomy":"product_brand","embeddable":true,"href":"https:\/\/shop.mittgard.de\/index.php?rest_route=%2Fwp%2Fv2%2Fproduct_brand&post=2419"},{"taxonomy":"product_cat","embeddable":true,"href":"https:\/\/shop.mittgard.de\/index.php?rest_route=%2Fwp%2Fv2%2Fproduct_cat&post=2419"},{"taxonomy":"product_tag","embeddable":true,"href":"https:\/\/shop.mittgard.de\/index.php?rest_route=%2Fwp%2Fv2%2Fproduct_tag&post=2419"}],"curies":[{"name":"wp","href":"https:\/\/api.w.org\/{rel}","templated":true}]}}