{"id":24196,"date":"2024-06-13T17:33:49","date_gmt":"2024-06-13T15:33:49","guid":{"rendered":"https:\/\/shop.mittgard.de\/?post_type=product&#038;p=24196"},"modified":"2025-10-08T18:21:08","modified_gmt":"2025-10-08T16:21:08","slug":"leventon-melissa-kostueme-weltweit","status":"publish","type":"product","link":"https:\/\/shop.mittgard.de\/?product=leventon-melissa-kostueme-weltweit","title":{"rendered":"Leventon, Melissa &#8222;Kost\u00fcme weltweit&#8220;"},"content":{"rendered":"<p>Das illustrierte Nachschlagewerk der Bekleidung vom Altertum bis ins 19.Jahrhundert<\/p>\n<p><em>Kost\u00fcme weltweit<\/em> vereint zum ersten Mal\u00a0 die Werke der beiden klassischen Kost\u00fcmillustratoren aus dem 19.Jahrhundert Auguste Racinet und Friedrich Hottenroth. Ihre Arbeiten werden zuerst in chronologischer, anschlie\u00dfend in thematischer Reihenfolge pr\u00e4sentiert, sodass man die Wahl hat, den Wandel der Moden durch die Jahrhunderte zu verfolgen oder die Stilunterschiede einzelner Kleidungsst\u00fccke und Accessoires im Detail zu studieren. Schattenrisse verdeutlichen die sich wandelnde Silhouette der Kleidung. Querverweise machen auf wiederkehrende Motive aufmerksam und eine Registerleiste hilft bei der Reise durch die zeitliche Abfolge der Kost\u00fcme.<\/p>\n<p>Mit Erl\u00e4uterungen angesehener Expertinnen und Experten auf dem Gebiet des historischen Kost\u00fcms, mit aussagekr\u00e4ftigen zeitgen\u00f6ssischen Zitaten, in denen die Bedeutung des Modestils in seiner jeweiligen Zeit zum Ausdruck kommt, mit detaillierten Kommentaren und einem ausf\u00fchrlichen Glossar ist dieses Buch ein hervorragendes \u00dcberblickswerk zum reichhaltigen Vokabular der Mode im Wandel der Jahrhunderte.<\/p>\n<p>Gebundene Ausgabe, 352 Seiten<\/p>\n","protected":false},"excerpt":{"rendered":"<p>Geb<\/p>\n","protected":false},"featured_media":26244,"template":"","meta":[],"product_brand":[],"product_cat":[186,188,192,185],"product_tag":[291,256,1546,1547],"class_list":{"0":"post-24196","1":"product","2":"type-product","3":"status-publish","4":"has-post-thumbnail","6":"product_cat-alternativ-leben","7":"product_cat-altes-handwerk","8":"product_cat-geschichte","9":"product_cat-literatur","10":"product_tag-gewandung","11":"product_tag-kleidung","12":"product_tag-kostueme","13":"product_tag-mode","14":"product_shipping_class-paket","16":"first","17":"instock","18":"taxable","19":"shipping-taxable","20":"purchasable","21":"product-type-simple"},"_links":{"self":[{"href":"https:\/\/shop.mittgard.de\/index.php?rest_route=\/wp\/v2\/product\/24196","targetHints":{"allow":["GET"]}}],"collection":[{"href":"https:\/\/shop.mittgard.de\/index.php?rest_route=\/wp\/v2\/product"}],"about":[{"href":"https:\/\/shop.mittgard.de\/index.php?rest_route=\/wp\/v2\/types\/product"}],"wp:featuredmedia":[{"embeddable":true,"href":"https:\/\/shop.mittgard.de\/index.php?rest_route=\/wp\/v2\/media\/26244"}],"wp:attachment":[{"href":"https:\/\/shop.mittgard.de\/index.php?rest_route=%2Fwp%2Fv2%2Fmedia&parent=24196"}],"wp:term":[{"taxonomy":"product_brand","embeddable":true,"href":"https:\/\/shop.mittgard.de\/index.php?rest_route=%2Fwp%2Fv2%2Fproduct_brand&post=24196"},{"taxonomy":"product_cat","embeddable":true,"href":"https:\/\/shop.mittgard.de\/index.php?rest_route=%2Fwp%2Fv2%2Fproduct_cat&post=24196"},{"taxonomy":"product_tag","embeddable":true,"href":"https:\/\/shop.mittgard.de\/index.php?rest_route=%2Fwp%2Fv2%2Fproduct_tag&post=24196"}],"curies":[{"name":"wp","href":"https:\/\/api.w.org\/{rel}","templated":true}]}}