{"id":2420,"date":"2018-06-22T15:39:05","date_gmt":"2018-06-22T13:39:05","guid":{"rendered":"http:\/\/shop.mittgard.de\/?product=import-placeholder-for-1299"},"modified":"2024-12-14T15:56:12","modified_gmt":"2024-12-14T14:56:12","slug":"raeuchersieb-o-6-cm-3","status":"publish","type":"product","link":"https:\/\/shop.mittgard.de\/?product=raeuchersieb-o-6-cm-3","title":{"rendered":"R\u00e4uchersieb \u00d8 6 cm"},"content":{"rendered":"<p>f\u00fcr die Aromalampe, Durchmesser 6 cm, aus Edelstahl, man braucht keine Kohle mehr, nur ein Teelicht, 1 St\u00fcck<\/p>\n<p>inklusive kleiner Reinigungsb\u00fcrste<\/p>\n","protected":false},"excerpt":{"rendered":"<p>f\u00fcr die Aromalampe, Durchmesser 6 cm, aus Edelstahl, man braucht keine Kohle mehr, nur ein Teelicht, 1 St\u00fcck inklusive kleiner Reinigungsb\u00fcrste<\/p>\n","protected":false},"featured_media":8114,"template":"","meta":[],"product_brand":[],"product_cat":[111,110],"product_tag":[668,643,943],"class_list":{"0":"post-2420","1":"product","2":"type-product","3":"status-publish","4":"has-post-thumbnail","6":"product_cat-raeucherkohle-zubehoer","7":"product_cat-raeucherwerk","8":"product_tag-aromalampe","9":"product_tag-raeuchern","10":"product_tag-sieb","11":"product_shipping_class-paket","13":"first","14":"onbackorder","15":"taxable","16":"shipping-taxable","17":"purchasable","18":"product-type-simple"},"_links":{"self":[{"href":"https:\/\/shop.mittgard.de\/index.php?rest_route=\/wp\/v2\/product\/2420","targetHints":{"allow":["GET"]}}],"collection":[{"href":"https:\/\/shop.mittgard.de\/index.php?rest_route=\/wp\/v2\/product"}],"about":[{"href":"https:\/\/shop.mittgard.de\/index.php?rest_route=\/wp\/v2\/types\/product"}],"wp:featuredmedia":[{"embeddable":true,"href":"https:\/\/shop.mittgard.de\/index.php?rest_route=\/wp\/v2\/media\/8114"}],"wp:attachment":[{"href":"https:\/\/shop.mittgard.de\/index.php?rest_route=%2Fwp%2Fv2%2Fmedia&parent=2420"}],"wp:term":[{"taxonomy":"product_brand","embeddable":true,"href":"https:\/\/shop.mittgard.de\/index.php?rest_route=%2Fwp%2Fv2%2Fproduct_brand&post=2420"},{"taxonomy":"product_cat","embeddable":true,"href":"https:\/\/shop.mittgard.de\/index.php?rest_route=%2Fwp%2Fv2%2Fproduct_cat&post=2420"},{"taxonomy":"product_tag","embeddable":true,"href":"https:\/\/shop.mittgard.de\/index.php?rest_route=%2Fwp%2Fv2%2Fproduct_tag&post=2420"}],"curies":[{"name":"wp","href":"https:\/\/api.w.org\/{rel}","templated":true}]}}