{"id":24202,"date":"2024-06-13T17:43:26","date_gmt":"2024-06-13T15:43:26","guid":{"rendered":"https:\/\/shop.mittgard.de\/?post_type=product&#038;p=24202"},"modified":"2025-10-08T18:09:28","modified_gmt":"2025-10-08T16:09:28","slug":"fox-alice-wilde-fasern","status":"publish","type":"product","link":"https:\/\/shop.mittgard.de\/?product=fox-alice-wilde-fasern","title":{"rendered":"Fox, Alice &#8222;Wilde Fasern&#8220;"},"content":{"rendered":"<p>Textile Objekte aus lokalen Naturmaterialien<\/p>\n<p>Das Material der Kreativprojekte muss nicht aus weiter Ferne stammen, ganz im Gegenteil: In der Natur um Sie herum finden sich lokale, nachhaltige Sch\u00e4tze wie Pflanzenst\u00e4ngel, Bl\u00e4tter, Samenkapseln und Fruchtschalen in H\u00fclle und F\u00fclle. Die Textilk\u00fcnstlerin Alice Fox inspiriert Sie in diesem Buch dazu, diese Welt zu entdecken und aus selbst angebaute oder gesammelten Pflanzen wundersch\u00f6ne Objekte zu kreieren.<\/p>\n<p>Die Autorin erl\u00e4utert unter anderem Anbau, Ernte und Verarbeitung von Flachs und Brennnesseln aus dem Garten und verschafft einen Einblick in die Herstellung von Fasern aus verschiedensten Pflanzen: von Narzissen und Schwertlilien \u00fcber Brombeeren bis hin zu Mais und Rhabarber. Diesen und weiteren Materialien aus der Natur wird mittels verschiedener textiler Techniken neues Leben eingehaucht: So werden Bl\u00e4tter zu Quilts zusammengen\u00e4ht, Steine mit Fasern umh\u00fcllt und sogar urbane Fundst\u00fccke zu kleinen Webrahmen umfunktioniert.<\/p>\n<p>Gebundene Ausgabe, 128 Seiten<\/p>\n","protected":false},"excerpt":{"rendered":"<p>Geb<\/p>\n","protected":false},"featured_media":26221,"template":"","meta":[],"product_brand":[],"product_cat":[186,188,185],"product_tag":[1549,1548,936,1550,257,1534,272,281],"class_list":{"0":"post-24202","1":"product","2":"type-product","3":"status-publish","4":"has-post-thumbnail","6":"product_cat-alternativ-leben","7":"product_cat-altes-handwerk","8":"product_cat-literatur","9":"product_tag-blaetter","10":"product_tag-fasern","11":"product_tag-flechten","12":"product_tag-graeser","13":"product_tag-naehen","14":"product_tag-naturmaterialien","15":"product_tag-spinnen","16":"product_tag-weben","17":"product_shipping_class-paket","19":"first","20":"instock","21":"taxable","22":"shipping-taxable","23":"purchasable","24":"product-type-simple"},"_links":{"self":[{"href":"https:\/\/shop.mittgard.de\/index.php?rest_route=\/wp\/v2\/product\/24202","targetHints":{"allow":["GET"]}}],"collection":[{"href":"https:\/\/shop.mittgard.de\/index.php?rest_route=\/wp\/v2\/product"}],"about":[{"href":"https:\/\/shop.mittgard.de\/index.php?rest_route=\/wp\/v2\/types\/product"}],"wp:featuredmedia":[{"embeddable":true,"href":"https:\/\/shop.mittgard.de\/index.php?rest_route=\/wp\/v2\/media\/26221"}],"wp:attachment":[{"href":"https:\/\/shop.mittgard.de\/index.php?rest_route=%2Fwp%2Fv2%2Fmedia&parent=24202"}],"wp:term":[{"taxonomy":"product_brand","embeddable":true,"href":"https:\/\/shop.mittgard.de\/index.php?rest_route=%2Fwp%2Fv2%2Fproduct_brand&post=24202"},{"taxonomy":"product_cat","embeddable":true,"href":"https:\/\/shop.mittgard.de\/index.php?rest_route=%2Fwp%2Fv2%2Fproduct_cat&post=24202"},{"taxonomy":"product_tag","embeddable":true,"href":"https:\/\/shop.mittgard.de\/index.php?rest_route=%2Fwp%2Fv2%2Fproduct_tag&post=24202"}],"curies":[{"name":"wp","href":"https:\/\/api.w.org\/{rel}","templated":true}]}}