{"id":2421,"date":"2018-06-22T15:39:05","date_gmt":"2018-06-22T13:39:05","guid":{"rendered":"http:\/\/shop.mittgard.de\/?product=import-placeholder-for-1300"},"modified":"2024-12-14T15:55:50","modified_gmt":"2024-12-14T14:55:50","slug":"raeuchersieb-o-12-cm-3","status":"publish","type":"product","link":"https:\/\/shop.mittgard.de\/?product=raeuchersieb-o-12-cm-3","title":{"rendered":"R\u00e4uchersieb \u00d8 12 cm"},"content":{"rendered":"<p>f\u00fcr ein R\u00e4ucherst\u00f6vchen oder Aromalampe, Durchmesser 12 cm, aus Edelstahl, mit feinerem Sieb, 1 St\u00fcck<\/p>\n","protected":false},"excerpt":{"rendered":"<p>f\u00fcr ein R\u00e4ucherst\u00f6vchen oder Aromalampe, Durchmesser 12 cm, aus Edelstahl, mit feinerem Sieb, 1 St\u00fcck<\/p>\n","protected":false},"featured_media":8113,"template":"","meta":[],"product_brand":[],"product_cat":[111,110],"product_tag":[668,643,943,944],"class_list":{"0":"post-2421","1":"product","2":"type-product","3":"status-publish","4":"has-post-thumbnail","6":"product_cat-raeucherkohle-zubehoer","7":"product_cat-raeucherwerk","8":"product_tag-aromalampe","9":"product_tag-raeuchern","10":"product_tag-sieb","11":"product_tag-stoevchen","12":"product_shipping_class-paket","14":"first","15":"onbackorder","16":"taxable","17":"shipping-taxable","18":"purchasable","19":"product-type-simple"},"_links":{"self":[{"href":"https:\/\/shop.mittgard.de\/index.php?rest_route=\/wp\/v2\/product\/2421","targetHints":{"allow":["GET"]}}],"collection":[{"href":"https:\/\/shop.mittgard.de\/index.php?rest_route=\/wp\/v2\/product"}],"about":[{"href":"https:\/\/shop.mittgard.de\/index.php?rest_route=\/wp\/v2\/types\/product"}],"wp:featuredmedia":[{"embeddable":true,"href":"https:\/\/shop.mittgard.de\/index.php?rest_route=\/wp\/v2\/media\/8113"}],"wp:attachment":[{"href":"https:\/\/shop.mittgard.de\/index.php?rest_route=%2Fwp%2Fv2%2Fmedia&parent=2421"}],"wp:term":[{"taxonomy":"product_brand","embeddable":true,"href":"https:\/\/shop.mittgard.de\/index.php?rest_route=%2Fwp%2Fv2%2Fproduct_brand&post=2421"},{"taxonomy":"product_cat","embeddable":true,"href":"https:\/\/shop.mittgard.de\/index.php?rest_route=%2Fwp%2Fv2%2Fproduct_cat&post=2421"},{"taxonomy":"product_tag","embeddable":true,"href":"https:\/\/shop.mittgard.de\/index.php?rest_route=%2Fwp%2Fv2%2Fproduct_tag&post=2421"}],"curies":[{"name":"wp","href":"https:\/\/api.w.org\/{rel}","templated":true}]}}