{"id":24215,"date":"2024-06-13T18:04:09","date_gmt":"2024-06-13T16:04:09","guid":{"rendered":"https:\/\/shop.mittgard.de\/?post_type=product&#038;p=24215"},"modified":"2025-10-08T17:39:31","modified_gmt":"2025-10-08T15:39:31","slug":"baumann-klosterarbeiten","status":"publish","type":"product","link":"https:\/\/shop.mittgard.de\/?product=baumann-klosterarbeiten","title":{"rendered":"Baumann &#8222;Klosterarbeiten&#8220;"},"content":{"rendered":"<p>Anmutiges Kunsthandwerk neu entdeckt &#8211; Techniken und Projekte<\/p>\n<p>Ranken, Rispen, Fig\u00fcrchen und Breverl &#8211; in Kl\u00f6stern wurden w\u00e4hrend Jahrhunderten die verschiedensten Objekte in einer Vielzahl k\u00fcnstlerischer Techniken gefertigt. Diese Klosterarbeiten waren Zeichen popul\u00e4rer Fr\u00f6mmigkeit und lange Zeit pr\u00e4gende Elemente des kulturellen Schaffens in den Kl\u00f6stern.<\/p>\n<p>Trudi Ziegler-Baumann und Barbara Baumann haben ihre reiches Wissen und K\u00f6nnen \u00fcber das Handwerk der Klosterarbeiten zusammengetragen und schaffen anhand vieler Projekte zum Nacharbeiten einen neuen, weltlichen Zugang zu den traditionellen &#8222;sch\u00f6nen Arbeiten&#8220;. Dazu z\u00e4hlen Blumen aus Draht, Fig\u00fcrchen aus Wachs, gewickelte Blattornamente oder gestickte Amulette.<\/p>\n<p>Mit diesem Buch wird das prachtvolle Kunsthandwerk aus den Kl\u00f6stern festgehalten und zugleich neu interpretiert.<\/p>\n<p>Gebundene Ausgabe, 176 Seiten<\/p>\n","protected":false},"excerpt":{"rendered":"<p>Geb<\/p>\n","protected":false},"featured_media":26172,"template":"","meta":[],"product_brand":[],"product_cat":[186,188,185],"product_tag":[1557,541,637,975,1556,1554,1555,267],"class_list":{"0":"post-24215","1":"product","2":"type-product","3":"status-publish","4":"has-post-thumbnail","6":"product_cat-alternativ-leben","7":"product_cat-altes-handwerk","8":"product_cat-literatur","9":"product_tag-drahtarbeiten","10":"product_tag-edelsteine","11":"product_tag-kloster","12":"product_tag-kunst","13":"product_tag-monstranzen","14":"product_tag-posamenten","15":"product_tag-reliquien","16":"product_tag-sticken","17":"product_shipping_class-paket","19":"first","20":"instock","21":"taxable","22":"shipping-taxable","23":"purchasable","24":"product-type-simple"},"_links":{"self":[{"href":"https:\/\/shop.mittgard.de\/index.php?rest_route=\/wp\/v2\/product\/24215","targetHints":{"allow":["GET"]}}],"collection":[{"href":"https:\/\/shop.mittgard.de\/index.php?rest_route=\/wp\/v2\/product"}],"about":[{"href":"https:\/\/shop.mittgard.de\/index.php?rest_route=\/wp\/v2\/types\/product"}],"wp:featuredmedia":[{"embeddable":true,"href":"https:\/\/shop.mittgard.de\/index.php?rest_route=\/wp\/v2\/media\/26172"}],"wp:attachment":[{"href":"https:\/\/shop.mittgard.de\/index.php?rest_route=%2Fwp%2Fv2%2Fmedia&parent=24215"}],"wp:term":[{"taxonomy":"product_brand","embeddable":true,"href":"https:\/\/shop.mittgard.de\/index.php?rest_route=%2Fwp%2Fv2%2Fproduct_brand&post=24215"},{"taxonomy":"product_cat","embeddable":true,"href":"https:\/\/shop.mittgard.de\/index.php?rest_route=%2Fwp%2Fv2%2Fproduct_cat&post=24215"},{"taxonomy":"product_tag","embeddable":true,"href":"https:\/\/shop.mittgard.de\/index.php?rest_route=%2Fwp%2Fv2%2Fproduct_tag&post=24215"}],"curies":[{"name":"wp","href":"https:\/\/api.w.org\/{rel}","templated":true}]}}