{"id":24222,"date":"2024-06-13T18:14:31","date_gmt":"2024-06-13T16:14:31","guid":{"rendered":"https:\/\/shop.mittgard.de\/?post_type=product&#038;p=24222"},"modified":"2025-10-08T19:23:25","modified_gmt":"2025-10-08T17:23:25","slug":"juricic-iva-faszination-glasperlen","status":"publish","type":"product","link":"https:\/\/shop.mittgard.de\/?product=juricic-iva-faszination-glasperlen","title":{"rendered":"Juricic, Iva &#8222;Faszination Glasperlen&#8220;"},"content":{"rendered":"<p>Geschichte und Techniken der Glasperlenherstellung<\/p>\n<p>Glasperlen sind zeitlos und sch\u00f6n, weshalb sie schon immer eine gro\u00dfe Faszination auf die Menschen aus\u00fcbten. Sie dienten w\u00e4hrend Jahrhunderten als Zahlungsmittel, Schmuck, Symboltr\u00e4ger oder als St\u00fctze f\u00fcr Gebetsrituale.<\/p>\n<p>Die Geschichte der Glasperlen und alles Wissenswerte \u00fcber Glas als Werkstoff stehen am Anfang dieses Grundlagenwerkes. Der Einrichtung des Arbeitsplatzes und dem Thema Gesundheit werden ebenfalls viel Aufmerksamkeit geschenkt, da sie die Basis bilden f\u00fcr eine ruhiges und sicheres Arbeiten. Den Hauptteil des Buches machen die zahlreichen Techniken der Glasperlenherstellung aus. Schritt f\u00fcr Schritt wird in die Grundtechnik des Wickelns einer Basisperle und anschlie\u00dfend mit zunehmendem Schwierigkeitsgrad in viele weitere Techniken wie Scheibenperlen, fig\u00fcrliche Perlen, Hohlperlen oder Perlen mit \u00dcberfang eingef\u00fchrt. Die Autorin zeigt auch, wie man Farben selbst mischen kann, wie komplex aufgebaute Glasstangen hergestellt werden oder wie man mit Glaskr\u00f6seln oder Emaille Perlen dekoriert.<\/p>\n<p>Alle Techniken werden anhand von detaillierten Fotografien erkl\u00e4rt und fertige Schmuckobjekte inspirieren zu eigenen Schmuckkreationen.<\/p>\n<p>Gebundene Ausgabe, 232 Seiten<\/p>\n","protected":false},"excerpt":{"rendered":"<p>Geb<\/p>\n","protected":false},"featured_media":26336,"template":"","meta":[],"product_brand":[],"product_cat":[188,185],"product_tag":[809,299,300,292],"class_list":{"0":"post-24222","1":"product","2":"type-product","3":"status-publish","4":"has-post-thumbnail","6":"product_cat-altes-handwerk","7":"product_cat-literatur","8":"product_tag-chevron","9":"product_tag-glas","10":"product_tag-perlen","11":"product_tag-schmuck","12":"product_shipping_class-paket","14":"first","15":"instock","16":"taxable","17":"shipping-taxable","18":"purchasable","19":"product-type-simple"},"_links":{"self":[{"href":"https:\/\/shop.mittgard.de\/index.php?rest_route=\/wp\/v2\/product\/24222","targetHints":{"allow":["GET"]}}],"collection":[{"href":"https:\/\/shop.mittgard.de\/index.php?rest_route=\/wp\/v2\/product"}],"about":[{"href":"https:\/\/shop.mittgard.de\/index.php?rest_route=\/wp\/v2\/types\/product"}],"wp:featuredmedia":[{"embeddable":true,"href":"https:\/\/shop.mittgard.de\/index.php?rest_route=\/wp\/v2\/media\/26336"}],"wp:attachment":[{"href":"https:\/\/shop.mittgard.de\/index.php?rest_route=%2Fwp%2Fv2%2Fmedia&parent=24222"}],"wp:term":[{"taxonomy":"product_brand","embeddable":true,"href":"https:\/\/shop.mittgard.de\/index.php?rest_route=%2Fwp%2Fv2%2Fproduct_brand&post=24222"},{"taxonomy":"product_cat","embeddable":true,"href":"https:\/\/shop.mittgard.de\/index.php?rest_route=%2Fwp%2Fv2%2Fproduct_cat&post=24222"},{"taxonomy":"product_tag","embeddable":true,"href":"https:\/\/shop.mittgard.de\/index.php?rest_route=%2Fwp%2Fv2%2Fproduct_tag&post=24222"}],"curies":[{"name":"wp","href":"https:\/\/api.w.org\/{rel}","templated":true}]}}