{"id":24228,"date":"2024-06-13T18:23:40","date_gmt":"2024-06-13T16:23:40","guid":{"rendered":"https:\/\/shop.mittgard.de\/?post_type=product&#038;p=24228"},"modified":"2025-10-08T19:18:07","modified_gmt":"2025-10-08T17:18:07","slug":"diverse-textile-druck-und-faerbetechniken","status":"publish","type":"product","link":"https:\/\/shop.mittgard.de\/?product=diverse-textile-druck-und-faerbetechniken","title":{"rendered":"Diverse &#8222;Textile Druck- und F\u00e4rbetechniken&#8220;"},"content":{"rendered":"<p>Muster sind wieder im Trend, und wer seinen Kleidern, Polsterbez\u00fcgen oder Servietten einen pers\u00f6nlichen Anstrich geben will, f\u00e4rbt oder bedruckt diese Textilien am besten selbst.<\/p>\n<p>Nach einer Einf\u00fchrung in die Geschichte des Textildrucks werden hier die wichtigsten Fasern, die gebr\u00e4uchlichsten Gewebe sowie die ben\u00f6tigten Materialien und Werkzeuge vorgestellt. Die Techniken Modeldruck, Siebdruck, \u00c4tzen und Entf\u00e4rben sowie die Reservetechniken Batik und Gutta-Malerei werden praxisorientiert beschrieben und mit vielen Abbildungen veranschaulicht. Besondere Aufmerksamkeit erhalten dabei die kreativen M\u00f6glichkeiten und individuellen Variationen, die die einzelnen Verfahren bieten. Schritt f\u00fcr Schritt werden im Anschluss sechs Projekte &#8211; darunter ein Kinderkleid, ein Lampenschirm und ein Vorhang &#8211; vorgestellt, bei denen die unterschiedlichen Druck- und F\u00e4rbetechniken ausprobiert werden.<\/p>\n<p>Gebund<span style=\"font-size: 1rem;\">ene Ausgabe, 160 Seiten<\/span><\/p>\n","protected":false},"excerpt":{"rendered":"<p>Geb<\/p>\n","protected":false},"featured_media":26327,"template":"","meta":[],"product_brand":[],"product_cat":[188,185],"product_tag":[285,1558,271,259,1559],"class_list":{"0":"post-24228","1":"product","2":"type-product","3":"status-publish","4":"has-post-thumbnail","6":"product_cat-altes-handwerk","7":"product_cat-literatur","8":"product_tag-drucken","9":"product_tag-farbe","10":"product_tag-faerben","11":"product_tag-malen","12":"product_tag-textilien","13":"product_shipping_class-paket","15":"first","16":"instock","17":"taxable","18":"shipping-taxable","19":"purchasable","20":"product-type-simple"},"_links":{"self":[{"href":"https:\/\/shop.mittgard.de\/index.php?rest_route=\/wp\/v2\/product\/24228","targetHints":{"allow":["GET"]}}],"collection":[{"href":"https:\/\/shop.mittgard.de\/index.php?rest_route=\/wp\/v2\/product"}],"about":[{"href":"https:\/\/shop.mittgard.de\/index.php?rest_route=\/wp\/v2\/types\/product"}],"wp:featuredmedia":[{"embeddable":true,"href":"https:\/\/shop.mittgard.de\/index.php?rest_route=\/wp\/v2\/media\/26327"}],"wp:attachment":[{"href":"https:\/\/shop.mittgard.de\/index.php?rest_route=%2Fwp%2Fv2%2Fmedia&parent=24228"}],"wp:term":[{"taxonomy":"product_brand","embeddable":true,"href":"https:\/\/shop.mittgard.de\/index.php?rest_route=%2Fwp%2Fv2%2Fproduct_brand&post=24228"},{"taxonomy":"product_cat","embeddable":true,"href":"https:\/\/shop.mittgard.de\/index.php?rest_route=%2Fwp%2Fv2%2Fproduct_cat&post=24228"},{"taxonomy":"product_tag","embeddable":true,"href":"https:\/\/shop.mittgard.de\/index.php?rest_route=%2Fwp%2Fv2%2Fproduct_tag&post=24228"}],"curies":[{"name":"wp","href":"https:\/\/api.w.org\/{rel}","templated":true}]}}