{"id":24246,"date":"2024-06-19T13:42:49","date_gmt":"2024-06-19T11:42:49","guid":{"rendered":"https:\/\/shop.mittgard.de\/?post_type=product&#038;p=24246"},"modified":"2025-10-08T19:26:18","modified_gmt":"2025-10-08T17:26:18","slug":"lang-marlene-filzkunst","status":"publish","type":"product","link":"https:\/\/shop.mittgard.de\/?product=lang-marlene-filzkunst","title":{"rendered":"Lang, Marl\u00e8ne &#8222;FilzKunst&#8220;"},"content":{"rendered":"<p>Tradition und Experiment<\/p>\n<p>Filz ist im Trend, sei es in Form von buntem Schmuck, ausgefallenen Sesseln, auff\u00e4lligen Taschen oder aparter Kleidung.<\/p>\n<p>Gleichzeitig wird Filz seit tausenden von Jahren von Nomadenv\u00f6lkern Zentralasiens nach alten Traditionen hergestellt und seit ebenso langer Zeit von Hirten in der T\u00fcrkei getragen. Filz &#8211; das Material f\u00fcr Alltagsgegenst\u00e4nde und modernes Design.<\/p>\n<p>Die T\u00fcrkei und Kirgistan geh\u00f6ren zu den Wiegen des Filzhandwerks; anhand dieser zwei Filztraditionen werden die Grundlagen beschrieben: Viele Fotos und Zeichnungen zeigen, wie traditionelle Teppiche, M\u00e4ntel und H\u00fcte entstehen. T\u00fcrkische Filzhandwerker und kirgisische Frauengruppen lassen sich \u00fcber die Schulter schauen und verraten technische Details. Ein Kapitel behandelt das erwachende Interesse an Filzteppichen und stellt ausgew\u00e4hlte Sammlerst\u00fccke vor.<\/p>\n<p>Als Pendant zur traditionellen Filztechnik werden die Kreationen zeitgen\u00f6ssischer europ\u00e4ischer Filzdesignerinnen vorgestellt. Im Spannungsfeld von Tradition und modernem Entwerfen bringt die grenzenlose Experimentierkunst \u00fcberraschende Objekte hervor.<\/p>\n<p>Gebundene Ausgabe, 224 Seiten<\/p>\n","protected":false},"excerpt":{"rendered":"<p>Geb<\/p>\n","protected":false},"featured_media":26341,"template":"","meta":[],"product_brand":[],"product_cat":[188,185],"product_tag":[287,1563,1561,1562,280,295],"class_list":{"0":"post-24246","1":"product","2":"type-product","3":"status-publish","4":"has-post-thumbnail","6":"product_cat-altes-handwerk","7":"product_cat-literatur","8":"product_tag-filzen","9":"product_tag-kirgistan","10":"product_tag-nomaden","11":"product_tag-tuerkei","12":"product_tag-wolle","13":"product_tag-wollverarbeitung","14":"product_shipping_class-paket","16":"first","17":"instock","18":"taxable","19":"shipping-taxable","20":"purchasable","21":"product-type-simple"},"_links":{"self":[{"href":"https:\/\/shop.mittgard.de\/index.php?rest_route=\/wp\/v2\/product\/24246","targetHints":{"allow":["GET"]}}],"collection":[{"href":"https:\/\/shop.mittgard.de\/index.php?rest_route=\/wp\/v2\/product"}],"about":[{"href":"https:\/\/shop.mittgard.de\/index.php?rest_route=\/wp\/v2\/types\/product"}],"wp:featuredmedia":[{"embeddable":true,"href":"https:\/\/shop.mittgard.de\/index.php?rest_route=\/wp\/v2\/media\/26341"}],"wp:attachment":[{"href":"https:\/\/shop.mittgard.de\/index.php?rest_route=%2Fwp%2Fv2%2Fmedia&parent=24246"}],"wp:term":[{"taxonomy":"product_brand","embeddable":true,"href":"https:\/\/shop.mittgard.de\/index.php?rest_route=%2Fwp%2Fv2%2Fproduct_brand&post=24246"},{"taxonomy":"product_cat","embeddable":true,"href":"https:\/\/shop.mittgard.de\/index.php?rest_route=%2Fwp%2Fv2%2Fproduct_cat&post=24246"},{"taxonomy":"product_tag","embeddable":true,"href":"https:\/\/shop.mittgard.de\/index.php?rest_route=%2Fwp%2Fv2%2Fproduct_tag&post=24246"}],"curies":[{"name":"wp","href":"https:\/\/api.w.org\/{rel}","templated":true}]}}