{"id":24272,"date":"2024-06-27T11:26:32","date_gmt":"2024-06-27T09:26:32","guid":{"rendered":"https:\/\/shop.mittgard.de\/?post_type=product&#038;p=24272"},"modified":"2025-10-08T19:35:57","modified_gmt":"2025-10-08T17:35:57","slug":"zeilinger-gerhard-messer-selbst-schmieden","status":"publish","type":"product","link":"https:\/\/shop.mittgard.de\/?product=zeilinger-gerhard-messer-selbst-schmieden","title":{"rendered":"Zeilinger, Gerhard &#8222;Messer selbst schmieden&#8220;"},"content":{"rendered":"<p>Vom rohen Metall zur fertigen Klinge<\/p>\n<p>Jeder von uns kennt die Schmiedekunst aus alten Sagen und modernen Fantasygeschichten, doch wei\u00df kaum jemand Genaueres dar\u00fcber. Der Schleier des Geheimnisvollen umgibt dieses uralte Handwerk noch heute. Klingenschmied Gerhard Zeilinger l\u00fcftet ihn und f\u00fchrt Anf\u00e4nger wie Fortgeschrittene Schritt f\u00fcr Schritt ans eigene Messer heran.<\/p>\n<p>Neben der Auswahl von leicht verf\u00fcgbarem Werkzeug und Material wird der Bau verschiedener einfacher Essen erl\u00e4utert, ehe es an das korrekte Schmieden und die anschlie\u00dfende Bearbeitung des Klingenrohlings samt sachkundigem Schliff geht. Hinzu kommen die Montage des Griffes sowie die Herstellung einer Messerscheide.<\/p>\n<p>Aus dem Inhalt:<\/p>\n<ul>\n<li>Ausr\u00fcstung f\u00fcr den Messerbau, Metall zum Schmieden, Holz f\u00fcr die Griffe<\/li>\n<li>Die Esse<\/li>\n<li>Der Schmiedevorgang<\/li>\n<li>W\u00e4rmebehandlung<\/li>\n<li>\u00c4tzen einer Damastklinge<\/li>\n<li>Ihre eigene Messerscheide<\/li>\n<\/ul>\n<p>Gebundene Ausgabe, 134 Seiten<\/p>\n","protected":false},"excerpt":{"rendered":"<p>Geb<\/p>\n","protected":false},"featured_media":26360,"template":"","meta":[],"product_brand":[],"product_cat":[188,185],"product_tag":[260,283],"class_list":{"0":"post-24272","1":"product","2":"type-product","3":"status-publish","4":"has-post-thumbnail","6":"product_cat-altes-handwerk","7":"product_cat-literatur","8":"product_tag-messer","9":"product_tag-schmieden","10":"product_shipping_class-paket","12":"first","13":"instock","14":"taxable","15":"shipping-taxable","16":"purchasable","17":"product-type-simple"},"_links":{"self":[{"href":"https:\/\/shop.mittgard.de\/index.php?rest_route=\/wp\/v2\/product\/24272","targetHints":{"allow":["GET"]}}],"collection":[{"href":"https:\/\/shop.mittgard.de\/index.php?rest_route=\/wp\/v2\/product"}],"about":[{"href":"https:\/\/shop.mittgard.de\/index.php?rest_route=\/wp\/v2\/types\/product"}],"wp:featuredmedia":[{"embeddable":true,"href":"https:\/\/shop.mittgard.de\/index.php?rest_route=\/wp\/v2\/media\/26360"}],"wp:attachment":[{"href":"https:\/\/shop.mittgard.de\/index.php?rest_route=%2Fwp%2Fv2%2Fmedia&parent=24272"}],"wp:term":[{"taxonomy":"product_brand","embeddable":true,"href":"https:\/\/shop.mittgard.de\/index.php?rest_route=%2Fwp%2Fv2%2Fproduct_brand&post=24272"},{"taxonomy":"product_cat","embeddable":true,"href":"https:\/\/shop.mittgard.de\/index.php?rest_route=%2Fwp%2Fv2%2Fproduct_cat&post=24272"},{"taxonomy":"product_tag","embeddable":true,"href":"https:\/\/shop.mittgard.de\/index.php?rest_route=%2Fwp%2Fv2%2Fproduct_tag&post=24272"}],"curies":[{"name":"wp","href":"https:\/\/api.w.org\/{rel}","templated":true}]}}