{"id":24292,"date":"2024-07-15T13:31:08","date_gmt":"2024-07-15T11:31:08","guid":{"rendered":"https:\/\/shop.mittgard.de\/?post_type=product&#038;p=24292"},"modified":"2025-09-30T18:40:10","modified_gmt":"2025-09-30T16:40:10","slug":"maskenanhaenger-zinn-vergoldet","status":"publish","type":"product","link":"https:\/\/shop.mittgard.de\/?product=maskenanhaenger-zinn-vergoldet","title":{"rendered":"Maskenanh\u00e4nger Zinn vergoldet"},"content":{"rendered":"<p>Maskenanh\u00e4nger nach einer Verzierung an einer keltischen Schnabelkanne nach etruskischem Vorbild aus dem F\u00fcrstengrab von Kleinaspergle, ca. 430 v.0<\/p>\n<p>massiv gearbeitet, 3,5 x 5,5 cm<\/p>\n<p>Zinn, vergoldet<\/p>\n<p>Lederband inklusive<\/p>\n","protected":false},"excerpt":{"rendered":"<p>Maskenanh\u00e4nger nach einer Verzierung an einer keltischen Schnabelkanne nach etruskischem Vorbild aus dem F\u00fcrstengrab von Kleinaspergle, ca. 430 v.0 massiv gearbeitet, 3,5 x 5,5 cm Zinn, vergoldet Lederband inklusive<\/p>\n","protected":false},"featured_media":26033,"template":"","meta":[],"product_brand":[],"product_cat":[479,478,455],"product_tag":[1570,1568,1569,1572,1571],"class_list":{"0":"post-24292","1":"product","2":"type-product","3":"status-publish","4":"has-post-thumbnail","6":"product_cat-anhaenger-keltischer-schmuck","7":"product_cat-keltischer-schmuck","8":"product_cat-schmuck","9":"product_tag-etrusker","10":"product_tag-fuerstengrab","11":"product_tag-kleinspergle","12":"product_tag-satyr","13":"product_tag-schnabelkanne","14":"product_shipping_class-brief","16":"first","17":"instock","18":"taxable","19":"shipping-taxable","20":"purchasable","21":"product-type-simple"},"_links":{"self":[{"href":"https:\/\/shop.mittgard.de\/index.php?rest_route=\/wp\/v2\/product\/24292","targetHints":{"allow":["GET"]}}],"collection":[{"href":"https:\/\/shop.mittgard.de\/index.php?rest_route=\/wp\/v2\/product"}],"about":[{"href":"https:\/\/shop.mittgard.de\/index.php?rest_route=\/wp\/v2\/types\/product"}],"wp:featuredmedia":[{"embeddable":true,"href":"https:\/\/shop.mittgard.de\/index.php?rest_route=\/wp\/v2\/media\/26033"}],"wp:attachment":[{"href":"https:\/\/shop.mittgard.de\/index.php?rest_route=%2Fwp%2Fv2%2Fmedia&parent=24292"}],"wp:term":[{"taxonomy":"product_brand","embeddable":true,"href":"https:\/\/shop.mittgard.de\/index.php?rest_route=%2Fwp%2Fv2%2Fproduct_brand&post=24292"},{"taxonomy":"product_cat","embeddable":true,"href":"https:\/\/shop.mittgard.de\/index.php?rest_route=%2Fwp%2Fv2%2Fproduct_cat&post=24292"},{"taxonomy":"product_tag","embeddable":true,"href":"https:\/\/shop.mittgard.de\/index.php?rest_route=%2Fwp%2Fv2%2Fproduct_tag&post=24292"}],"curies":[{"name":"wp","href":"https:\/\/api.w.org\/{rel}","templated":true}]}}