{"id":24313,"date":"2024-07-15T14:04:56","date_gmt":"2024-07-15T12:04:56","guid":{"rendered":"https:\/\/shop.mittgard.de\/?post_type=product&#038;p=24313"},"modified":"2025-11-14T12:18:41","modified_gmt":"2025-11-14T11:18:41","slug":"roemische-bordellmuenze-viii-zinn-versilbert","status":"publish","type":"product","link":"https:\/\/shop.mittgard.de\/?product=roemische-bordellmuenze-viii-zinn-versilbert","title":{"rendered":"r\u00f6mische Bordellm\u00fcnze VIII Zinn versilbert"},"content":{"rendered":"<p>Diese r\u00f6mischen M\u00fcnzen wurden Spintriae (lat. f\u00fcr &#8222;Strichjunge) genannt und dienten wahrscheinlich als Wertmarken in Bordellen. Es gibt sie in verschiedenen Wertigkeiten mit verschiedenen erotischen Szenen.<\/p>\n<p>Hier die M\u00fcnze 8 mit zwei M\u00e4nnern beim Liebesakt. \u2205 2,3 cm, Zinn versilbert<\/p>\n","protected":false},"excerpt":{"rendered":"<p>Diese r\u00f6mischen M\u00fcnzen wurden Spintriae (lat. f\u00fcr &#8222;Strichjunge) genannt und dienten wahrscheinlich als Wertmarken in Bordellen. Es gibt sie in verschiedenen Wertigkeiten mit verschiedenen erotischen Szenen. Hier die M\u00fcnze 8 mit zwei M\u00e4nnern beim Liebesakt. \u2205 2,3 cm, Zinn versilbert<\/p>\n","protected":false},"featured_media":26623,"template":"","meta":[],"product_brand":[],"product_cat":[1567,455],"product_tag":[],"class_list":{"0":"post-24313","1":"product","2":"type-product","3":"status-publish","4":"has-post-thumbnail","6":"product_cat-roemischer-schmuck","7":"product_cat-schmuck","8":"product_shipping_class-brief","10":"first","11":"instock","12":"taxable","13":"shipping-taxable","14":"purchasable","15":"product-type-simple"},"_links":{"self":[{"href":"https:\/\/shop.mittgard.de\/index.php?rest_route=\/wp\/v2\/product\/24313","targetHints":{"allow":["GET"]}}],"collection":[{"href":"https:\/\/shop.mittgard.de\/index.php?rest_route=\/wp\/v2\/product"}],"about":[{"href":"https:\/\/shop.mittgard.de\/index.php?rest_route=\/wp\/v2\/types\/product"}],"wp:featuredmedia":[{"embeddable":true,"href":"https:\/\/shop.mittgard.de\/index.php?rest_route=\/wp\/v2\/media\/26623"}],"wp:attachment":[{"href":"https:\/\/shop.mittgard.de\/index.php?rest_route=%2Fwp%2Fv2%2Fmedia&parent=24313"}],"wp:term":[{"taxonomy":"product_brand","embeddable":true,"href":"https:\/\/shop.mittgard.de\/index.php?rest_route=%2Fwp%2Fv2%2Fproduct_brand&post=24313"},{"taxonomy":"product_cat","embeddable":true,"href":"https:\/\/shop.mittgard.de\/index.php?rest_route=%2Fwp%2Fv2%2Fproduct_cat&post=24313"},{"taxonomy":"product_tag","embeddable":true,"href":"https:\/\/shop.mittgard.de\/index.php?rest_route=%2Fwp%2Fv2%2Fproduct_tag&post=24313"}],"curies":[{"name":"wp","href":"https:\/\/api.w.org\/{rel}","templated":true}]}}