{"id":24351,"date":"2024-07-22T13:31:34","date_gmt":"2024-07-22T11:31:34","guid":{"rendered":"https:\/\/shop.mittgard.de\/?post_type=product&#038;p=24351"},"modified":"2026-01-14T15:11:46","modified_gmt":"2026-01-14T14:11:46","slug":"fischer-fabian-die-ersten-deutschen","status":"publish","type":"product","link":"https:\/\/shop.mittgard.de\/?product=fischer-fabian-die-ersten-deutschen","title":{"rendered":"Fischer-Fabian &#8222;Die ersten Deutschen&#8220;"},"content":{"rendered":"<p>\u00dcber das r\u00e4tselhafte Volk der Germanen<\/p>\n<p>Wie waren die Germanen wirklich, und woher kamen sie?<\/p>\n<p>S. Fischer-Fabian r\u00e4umt auf mit den Klischeevorstellungen von den ersten Deutschen: Sie waren keine biertrinkenden Raubeine oder nordische \u00dcbermenschen. Uns tritt stattdessen aus dem D\u00e4mmerlicht der Vorgeschichte ein Volk entgegen, in dem die Erdverbundenheit von Bauern mit der Kampfeslust von Hirtenkriegern aus dem Osten verschmolz. Von Anbeginn &#8222;wohnten zwei Seelen in ihrer Brust&#8220;.<\/p>\n<p>Aus arch\u00e4ologischen Funden, den Werken antiker Schriftsteller und zahllosen anderen Quellen entstand ein faszinierendes Bild der Geschichte unserer Vorfahren.<\/p>\n<p>Gebundene Ausgabe, 414 Seiten<\/p>\n","protected":false},"excerpt":{"rendered":"<p>Geb<\/p>\n","protected":false},"featured_media":26369,"template":"","meta":[],"product_brand":[],"product_cat":[189,193,192,185],"product_tag":[1575,336,1282,1573,939,1574],"class_list":{"0":"post-24351","1":"product","2":"type-product","3":"status-publish","4":"has-post-thumbnail","6":"product_cat-archaeologie","7":"product_cat-germanen","8":"product_cat-geschichte","9":"product_cat-literatur","10":"product_tag-burgunder","11":"product_tag-germanen","12":"product_tag-goten","13":"product_tag-tacitus","14":"product_tag-voelkerwanderung","15":"product_tag-wandalen","16":"product_shipping_class-paket","18":"first","19":"instock","20":"taxable","21":"shipping-taxable","22":"purchasable","23":"product-type-simple"},"_links":{"self":[{"href":"https:\/\/shop.mittgard.de\/index.php?rest_route=\/wp\/v2\/product\/24351","targetHints":{"allow":["GET"]}}],"collection":[{"href":"https:\/\/shop.mittgard.de\/index.php?rest_route=\/wp\/v2\/product"}],"about":[{"href":"https:\/\/shop.mittgard.de\/index.php?rest_route=\/wp\/v2\/types\/product"}],"wp:featuredmedia":[{"embeddable":true,"href":"https:\/\/shop.mittgard.de\/index.php?rest_route=\/wp\/v2\/media\/26369"}],"wp:attachment":[{"href":"https:\/\/shop.mittgard.de\/index.php?rest_route=%2Fwp%2Fv2%2Fmedia&parent=24351"}],"wp:term":[{"taxonomy":"product_brand","embeddable":true,"href":"https:\/\/shop.mittgard.de\/index.php?rest_route=%2Fwp%2Fv2%2Fproduct_brand&post=24351"},{"taxonomy":"product_cat","embeddable":true,"href":"https:\/\/shop.mittgard.de\/index.php?rest_route=%2Fwp%2Fv2%2Fproduct_cat&post=24351"},{"taxonomy":"product_tag","embeddable":true,"href":"https:\/\/shop.mittgard.de\/index.php?rest_route=%2Fwp%2Fv2%2Fproduct_tag&post=24351"}],"curies":[{"name":"wp","href":"https:\/\/api.w.org\/{rel}","templated":true}]}}