{"id":24357,"date":"2024-07-22T13:42:12","date_gmt":"2024-07-22T11:42:12","guid":{"rendered":"https:\/\/shop.mittgard.de\/?post_type=product&#038;p=24357"},"modified":"2025-10-08T18:13:56","modified_gmt":"2025-10-08T16:13:56","slug":"issel-hans-bauernhaeuser-bauerngehoefte","status":"publish","type":"product","link":"https:\/\/shop.mittgard.de\/?product=issel-hans-bauernhaeuser-bauerngehoefte","title":{"rendered":"Issel, Hans &#8222;Bauernh\u00e4user &#8211; Bauerngeh\u00f6fte&#8220;"},"content":{"rendered":"<p>Landwirtschaftliche Baukunde<\/p>\n<p>Wer es mit traditionellen Bautechniken zu tun bekommt, muss sich zwangsl\u00e4ufig mit der Handwerksarbeit vergangener Zeiten auseinandersetzen. Dieses Buch erm\u00f6glicht den Zugriff auf traditionelles Fachwissen. Das Werk gibt einen umfassenden \u00dcberblick \u00fcber die Standards des Bauhandwerks gegen Ende des 19. Jahrhunderts und ist ein unentbehrlicher Ratgeber f\u00fcr die Anfertigung zeitgen\u00f6ssischer Baukunst. Es ist von Praktikern f\u00fcr Praktiker geschrieben worden. Dabei umfasst es nicht nur alle g\u00e4ngigenTechniken der Bearbeitung, sondern auch die Materialkunde, Eigenschaften und Verwendungsm\u00f6glichkeiten.<\/p>\n<p>Gebundene Ausgabe, 316 Seiten<\/p>\n","protected":false},"excerpt":{"rendered":"<p>Geb<\/p>\n","protected":false},"featured_media":26230,"template":"","meta":[],"product_brand":[],"product_cat":[186,188,185],"product_tag":[1576,1577,250,1230,1229,1578],"class_list":{"0":"post-24357","1":"product","2":"type-product","3":"status-publish","4":"has-post-thumbnail","6":"product_cat-alternativ-leben","7":"product_cat-altes-handwerk","8":"product_cat-literatur","9":"product_tag-bauernhaus","10":"product_tag-bauernhof","11":"product_tag-hausbau","12":"product_tag-landleben","13":"product_tag-landwirtschaft","14":"product_tag-zimmerhandwerk","15":"product_shipping_class-paket","17":"first","18":"onbackorder","19":"taxable","20":"shipping-taxable","21":"purchasable","22":"product-type-simple"},"_links":{"self":[{"href":"https:\/\/shop.mittgard.de\/index.php?rest_route=\/wp\/v2\/product\/24357","targetHints":{"allow":["GET"]}}],"collection":[{"href":"https:\/\/shop.mittgard.de\/index.php?rest_route=\/wp\/v2\/product"}],"about":[{"href":"https:\/\/shop.mittgard.de\/index.php?rest_route=\/wp\/v2\/types\/product"}],"wp:featuredmedia":[{"embeddable":true,"href":"https:\/\/shop.mittgard.de\/index.php?rest_route=\/wp\/v2\/media\/26230"}],"wp:attachment":[{"href":"https:\/\/shop.mittgard.de\/index.php?rest_route=%2Fwp%2Fv2%2Fmedia&parent=24357"}],"wp:term":[{"taxonomy":"product_brand","embeddable":true,"href":"https:\/\/shop.mittgard.de\/index.php?rest_route=%2Fwp%2Fv2%2Fproduct_brand&post=24357"},{"taxonomy":"product_cat","embeddable":true,"href":"https:\/\/shop.mittgard.de\/index.php?rest_route=%2Fwp%2Fv2%2Fproduct_cat&post=24357"},{"taxonomy":"product_tag","embeddable":true,"href":"https:\/\/shop.mittgard.de\/index.php?rest_route=%2Fwp%2Fv2%2Fproduct_tag&post=24357"}],"curies":[{"name":"wp","href":"https:\/\/api.w.org\/{rel}","templated":true}]}}