{"id":24370,"date":"2024-07-24T12:22:27","date_gmt":"2024-07-24T10:22:27","guid":{"rendered":"https:\/\/shop.mittgard.de\/?post_type=product&#038;p=24370"},"modified":"2025-10-09T17:26:58","modified_gmt":"2025-10-09T15:26:58","slug":"koralle-rot-poliert-gross-kugelperle","status":"publish","type":"product","link":"https:\/\/shop.mittgard.de\/?product=koralle-rot-poliert-gross-kugelperle","title":{"rendered":"Koralle, rot, poliert, gro\u00df, Kugelperle"},"content":{"rendered":"<p>ca. \u00d8 1 cm<\/p>\n<p>sehr d\u00fcnn gebohrt, nur f\u00fcr Angelschnur oder Draht geeignet<\/p>\n<p>Preis pro St\u00fcck<\/p>\n","protected":false},"excerpt":{"rendered":"<p>ca. \u00d8 1 cm sehr d\u00fcnn gebohrt, nur f\u00fcr Angelschnur oder Draht geeignet Preis pro St\u00fcck<\/p>\n","protected":false},"featured_media":26607,"template":"","meta":[],"product_brand":[],"product_cat":[486,455],"product_tag":[466,816,96],"class_list":{"0":"post-24370","1":"product","2":"type-product","3":"status-publish","4":"has-post-thumbnail","6":"product_cat-perlen","7":"product_cat-schmuck","8":"product_tag-koralle","9":"product_tag-kugel","10":"product_tag-rot","11":"product_shipping_class-brief","13":"first","14":"instock","15":"taxable","16":"shipping-taxable","17":"purchasable","18":"product-type-simple"},"_links":{"self":[{"href":"https:\/\/shop.mittgard.de\/index.php?rest_route=\/wp\/v2\/product\/24370","targetHints":{"allow":["GET"]}}],"collection":[{"href":"https:\/\/shop.mittgard.de\/index.php?rest_route=\/wp\/v2\/product"}],"about":[{"href":"https:\/\/shop.mittgard.de\/index.php?rest_route=\/wp\/v2\/types\/product"}],"wp:featuredmedia":[{"embeddable":true,"href":"https:\/\/shop.mittgard.de\/index.php?rest_route=\/wp\/v2\/media\/26607"}],"wp:attachment":[{"href":"https:\/\/shop.mittgard.de\/index.php?rest_route=%2Fwp%2Fv2%2Fmedia&parent=24370"}],"wp:term":[{"taxonomy":"product_brand","embeddable":true,"href":"https:\/\/shop.mittgard.de\/index.php?rest_route=%2Fwp%2Fv2%2Fproduct_brand&post=24370"},{"taxonomy":"product_cat","embeddable":true,"href":"https:\/\/shop.mittgard.de\/index.php?rest_route=%2Fwp%2Fv2%2Fproduct_cat&post=24370"},{"taxonomy":"product_tag","embeddable":true,"href":"https:\/\/shop.mittgard.de\/index.php?rest_route=%2Fwp%2Fv2%2Fproduct_tag&post=24370"}],"curies":[{"name":"wp","href":"https:\/\/api.w.org\/{rel}","templated":true}]}}