{"id":24372,"date":"2024-07-24T12:23:43","date_gmt":"2024-07-24T10:23:43","guid":{"rendered":"https:\/\/shop.mittgard.de\/?post_type=product&#038;p=24372"},"modified":"2025-10-09T17:25:53","modified_gmt":"2025-10-09T15:25:53","slug":"koralle-rot-natur-splitterperle","status":"publish","type":"product","link":"https:\/\/shop.mittgard.de\/?product=koralle-rot-natur-splitterperle","title":{"rendered":"Koralle, rot, natur, Splitterperle"},"content":{"rendered":"<p>ca. 0,7 &#8211; 1,60 cm gro\u00df<\/p>\n<p>sehr d\u00fcnn gebohrt, nur f\u00fcr Angelschnur oder Draht geeignet<\/p>\n<p>Preis pro St\u00fcck<\/p>\n","protected":false},"excerpt":{"rendered":"<p>ca. 0,7 &#8211; 1,60 cm gro\u00df sehr d\u00fcnn gebohrt, nur f\u00fcr Angelschnur oder Draht geeignet Preis pro St\u00fcck<\/p>\n","protected":false},"featured_media":26606,"template":"","meta":[],"product_brand":[],"product_cat":[486,455],"product_tag":[466,96,1580],"class_list":{"0":"post-24372","1":"product","2":"type-product","3":"status-publish","4":"has-post-thumbnail","6":"product_cat-perlen","7":"product_cat-schmuck","8":"product_tag-koralle","9":"product_tag-rot","10":"product_tag-splitterperle","11":"product_shipping_class-brief","13":"first","14":"instock","15":"taxable","16":"shipping-taxable","17":"purchasable","18":"product-type-simple"},"_links":{"self":[{"href":"https:\/\/shop.mittgard.de\/index.php?rest_route=\/wp\/v2\/product\/24372","targetHints":{"allow":["GET"]}}],"collection":[{"href":"https:\/\/shop.mittgard.de\/index.php?rest_route=\/wp\/v2\/product"}],"about":[{"href":"https:\/\/shop.mittgard.de\/index.php?rest_route=\/wp\/v2\/types\/product"}],"wp:featuredmedia":[{"embeddable":true,"href":"https:\/\/shop.mittgard.de\/index.php?rest_route=\/wp\/v2\/media\/26606"}],"wp:attachment":[{"href":"https:\/\/shop.mittgard.de\/index.php?rest_route=%2Fwp%2Fv2%2Fmedia&parent=24372"}],"wp:term":[{"taxonomy":"product_brand","embeddable":true,"href":"https:\/\/shop.mittgard.de\/index.php?rest_route=%2Fwp%2Fv2%2Fproduct_brand&post=24372"},{"taxonomy":"product_cat","embeddable":true,"href":"https:\/\/shop.mittgard.de\/index.php?rest_route=%2Fwp%2Fv2%2Fproduct_cat&post=24372"},{"taxonomy":"product_tag","embeddable":true,"href":"https:\/\/shop.mittgard.de\/index.php?rest_route=%2Fwp%2Fv2%2Fproduct_tag&post=24372"}],"curies":[{"name":"wp","href":"https:\/\/api.w.org\/{rel}","templated":true}]}}