{"id":24375,"date":"2024-07-24T12:30:43","date_gmt":"2024-07-24T10:30:43","guid":{"rendered":"https:\/\/shop.mittgard.de\/?post_type=product&#038;p=24375"},"modified":"2025-10-09T17:29:12","modified_gmt":"2025-10-09T15:29:12","slug":"perlmuttperlen-aus-seeschnecken","status":"publish","type":"product","link":"https:\/\/shop.mittgard.de\/?product=perlmuttperlen-aus-seeschnecken","title":{"rendered":"Perlmuttperlen aus Seeschnecken"},"content":{"rendered":"<p>Perlmuttperlen aus Seeschneckenh\u00e4usern, wei\u00df\/rosa schimmernd<\/p>\n<p>ca. 1 &#8211; 1,30 cm gro\u00df<\/p>\n<p>sehr d\u00fcnn gebohrt, nur f\u00fcr Angelschnur oder Draht geeignet<\/p>\n<p>Preis pro St\u00fcck<\/p>\n","protected":false},"excerpt":{"rendered":"<p>Perlmuttperlen aus Seeschneckenh\u00e4usern, wei\u00df\/rosa schimmernd ca. 1 &#8211; 1,30 cm gro\u00df sehr d\u00fcnn gebohrt, nur f\u00fcr Angelschnur oder Draht geeignet Preis pro St\u00fcck<\/p>\n","protected":false},"featured_media":26610,"template":"","meta":[],"product_brand":[],"product_cat":[486,455],"product_tag":[300,689,1582,1581],"class_list":{"0":"post-24375","1":"product","2":"type-product","3":"status-publish","4":"has-post-thumbnail","6":"product_cat-perlen","7":"product_cat-schmuck","8":"product_tag-perlen","9":"product_tag-perlmutt","10":"product_tag-schneckenhaeuser","11":"product_tag-seeschnecken","12":"product_shipping_class-brief","14":"first","15":"instock","16":"taxable","17":"shipping-taxable","18":"purchasable","19":"product-type-simple"},"_links":{"self":[{"href":"https:\/\/shop.mittgard.de\/index.php?rest_route=\/wp\/v2\/product\/24375","targetHints":{"allow":["GET"]}}],"collection":[{"href":"https:\/\/shop.mittgard.de\/index.php?rest_route=\/wp\/v2\/product"}],"about":[{"href":"https:\/\/shop.mittgard.de\/index.php?rest_route=\/wp\/v2\/types\/product"}],"wp:featuredmedia":[{"embeddable":true,"href":"https:\/\/shop.mittgard.de\/index.php?rest_route=\/wp\/v2\/media\/26610"}],"wp:attachment":[{"href":"https:\/\/shop.mittgard.de\/index.php?rest_route=%2Fwp%2Fv2%2Fmedia&parent=24375"}],"wp:term":[{"taxonomy":"product_brand","embeddable":true,"href":"https:\/\/shop.mittgard.de\/index.php?rest_route=%2Fwp%2Fv2%2Fproduct_brand&post=24375"},{"taxonomy":"product_cat","embeddable":true,"href":"https:\/\/shop.mittgard.de\/index.php?rest_route=%2Fwp%2Fv2%2Fproduct_cat&post=24375"},{"taxonomy":"product_tag","embeddable":true,"href":"https:\/\/shop.mittgard.de\/index.php?rest_route=%2Fwp%2Fv2%2Fproduct_tag&post=24375"}],"curies":[{"name":"wp","href":"https:\/\/api.w.org\/{rel}","templated":true}]}}