{"id":24403,"date":"2024-08-12T17:25:09","date_gmt":"2024-08-12T15:25:09","guid":{"rendered":"https:\/\/shop.mittgard.de\/?post_type=product&#038;p=24403"},"modified":"2025-10-09T16:19:19","modified_gmt":"2025-10-09T14:19:19","slug":"heyse-paul-italienische-volksmaerchen","status":"publish","type":"product","link":"https:\/\/shop.mittgard.de\/?product=heyse-paul-italienische-volksmaerchen","title":{"rendered":"Heyse, Paul &#8222;Italienische Volksm\u00e4rchen&#8220;"},"content":{"rendered":"<p>Werden die Liebenden &#8222;Fiorindo und Chiara Stella&#8220; zueinanderfinden? Und was entdeckt der melancholische Prinz in den magischen Granat\u00e4pfeln? Die Volksm\u00e4rchen , die Paul Heyse zusammengetragen und \u00fcbersetzt hat, entf\u00fchren in die bunte M\u00e4rchenwelt Italiens. Riesen, sprechende Tiere und Feen bev\u00f6lkern die fantastischen M\u00e4rchen, die der m\u00fcndlichen Erz\u00e4hltradition entstammen. M\u00e4rchenstoffe wie das &#8222;Aschenbr\u00f6del&#8220; sind auch hierzulande bekannt, doch die M\u00e4rchen \u00fcber die kluge &#8222;Margheritina&#8220; oder &#8222;Die Insel der Gl\u00fcckseligkeit&#8220;, wo die Fortuna wartet, verdienen, neu entdeckt zu werden. Erg\u00e4nzt wird die Volksm\u00e4rchensammlung durch das Kunstm\u00e4rchen &#8222;Das schwarze Ei&#8220; des Sizilianers Luigi Capuana.<\/p>\n<p>Paul Heyse (1830-1914) war einer der erfolgreichsten und produktivsten Schriftsteller des 19.Jahrhunderts. Als \u00dcbersetzer aus dem Italienischen trug er zum kulturellen Austausch der beiden L\u00e4nder bei. 1910 wurde er mit dem Nobelpreis f\u00fcr Literatur ausgezeichnet.<\/p>\n<p>Gebundene Ausgabe, 157 Seiten<\/p>\n","protected":false},"excerpt":{"rendered":"<p>Geb<\/p>\n","protected":false},"featured_media":26525,"template":"","meta":[],"product_brand":[],"product_cat":[185,213],"product_tag":[1587,391,663],"class_list":{"0":"post-24403","1":"product","2":"type-product","3":"status-publish","4":"has-post-thumbnail","6":"product_cat-literatur","7":"product_cat-maerchen","8":"product_tag-italien","9":"product_tag-maerchen","10":"product_tag-rom","11":"product_shipping_class-paket","13":"first","14":"onbackorder","15":"taxable","16":"shipping-taxable","17":"purchasable","18":"product-type-simple"},"_links":{"self":[{"href":"https:\/\/shop.mittgard.de\/index.php?rest_route=\/wp\/v2\/product\/24403","targetHints":{"allow":["GET"]}}],"collection":[{"href":"https:\/\/shop.mittgard.de\/index.php?rest_route=\/wp\/v2\/product"}],"about":[{"href":"https:\/\/shop.mittgard.de\/index.php?rest_route=\/wp\/v2\/types\/product"}],"wp:featuredmedia":[{"embeddable":true,"href":"https:\/\/shop.mittgard.de\/index.php?rest_route=\/wp\/v2\/media\/26525"}],"wp:attachment":[{"href":"https:\/\/shop.mittgard.de\/index.php?rest_route=%2Fwp%2Fv2%2Fmedia&parent=24403"}],"wp:term":[{"taxonomy":"product_brand","embeddable":true,"href":"https:\/\/shop.mittgard.de\/index.php?rest_route=%2Fwp%2Fv2%2Fproduct_brand&post=24403"},{"taxonomy":"product_cat","embeddable":true,"href":"https:\/\/shop.mittgard.de\/index.php?rest_route=%2Fwp%2Fv2%2Fproduct_cat&post=24403"},{"taxonomy":"product_tag","embeddable":true,"href":"https:\/\/shop.mittgard.de\/index.php?rest_route=%2Fwp%2Fv2%2Fproduct_tag&post=24403"}],"curies":[{"name":"wp","href":"https:\/\/api.w.org\/{rel}","templated":true}]}}