{"id":24408,"date":"2024-08-12T17:32:00","date_gmt":"2024-08-12T15:32:00","guid":{"rendered":"https:\/\/shop.mittgard.de\/?post_type=product&#038;p=24408"},"modified":"2025-10-09T16:16:43","modified_gmt":"2025-10-09T14:16:43","slug":"giese-friedrich-tuerkische-maerchen","status":"publish","type":"product","link":"https:\/\/shop.mittgard.de\/?product=giese-friedrich-tuerkische-maerchen","title":{"rendered":"Giese, Friedrich &#8222;T\u00fcrkische M\u00e4rchen&#8220;"},"content":{"rendered":"<p>In Kleinasien ist die m\u00fcndliche M\u00e4rchen\u00fcberlieferung bis heute lebendig. Beeinflusst von indischen, arabischen und persischen Erz\u00e4hlstoffen, entfaltet sich in den M\u00e4rchen der T\u00fcrkei die volle Pracht der orientalischen M\u00e4rchenwelt. Dieser Band versammelt 65 fantastische Volks- und Kunstm\u00e4rchen von der &#8222;Geschichte vom sch\u00f6nen Halwaverk\u00e4ufer&#8220; bis &#8222;Der dankbare Fuchs&#8220;. Hier begegnet man dem sagenhaften smaragdenen Ankavogel, den Peri-Geistergestalten, den Padischahs und ihren edlen, klugen S\u00f6hnen und T\u00f6chtern. Eine bunte M\u00e4rchensammlung wie aus Tausendundeiner Nacht in der kunstvollen \u00dcbersetzung des Orientalisten Friedrich Giese.<\/p>\n<p>Gebundene Ausgabe, 320 Seiten<\/p>\n","protected":false},"excerpt":{"rendered":"<p>Geb<\/p>\n","protected":false},"featured_media":26521,"template":"","meta":[],"product_brand":[],"product_cat":[185,213],"product_tag":[1589,1588,391,506,1562],"class_list":{"0":"post-24408","1":"product","2":"type-product","3":"status-publish","4":"has-post-thumbnail","6":"product_cat-literatur","7":"product_cat-maerchen","8":"product_tag-1001-nacht","9":"product_tag-arabien","10":"product_tag-maerchen","11":"product_tag-orient","12":"product_tag-tuerkei","13":"product_shipping_class-paket","15":"first","16":"onbackorder","17":"taxable","18":"shipping-taxable","19":"purchasable","20":"product-type-simple"},"_links":{"self":[{"href":"https:\/\/shop.mittgard.de\/index.php?rest_route=\/wp\/v2\/product\/24408","targetHints":{"allow":["GET"]}}],"collection":[{"href":"https:\/\/shop.mittgard.de\/index.php?rest_route=\/wp\/v2\/product"}],"about":[{"href":"https:\/\/shop.mittgard.de\/index.php?rest_route=\/wp\/v2\/types\/product"}],"wp:featuredmedia":[{"embeddable":true,"href":"https:\/\/shop.mittgard.de\/index.php?rest_route=\/wp\/v2\/media\/26521"}],"wp:attachment":[{"href":"https:\/\/shop.mittgard.de\/index.php?rest_route=%2Fwp%2Fv2%2Fmedia&parent=24408"}],"wp:term":[{"taxonomy":"product_brand","embeddable":true,"href":"https:\/\/shop.mittgard.de\/index.php?rest_route=%2Fwp%2Fv2%2Fproduct_brand&post=24408"},{"taxonomy":"product_cat","embeddable":true,"href":"https:\/\/shop.mittgard.de\/index.php?rest_route=%2Fwp%2Fv2%2Fproduct_cat&post=24408"},{"taxonomy":"product_tag","embeddable":true,"href":"https:\/\/shop.mittgard.de\/index.php?rest_route=%2Fwp%2Fv2%2Fproduct_tag&post=24408"}],"curies":[{"name":"wp","href":"https:\/\/api.w.org\/{rel}","templated":true}]}}