{"id":24415,"date":"2024-08-19T12:19:40","date_gmt":"2024-08-19T10:19:40","guid":{"rendered":"https:\/\/shop.mittgard.de\/?post_type=product&#038;p=24415"},"modified":"2025-09-30T19:12:15","modified_gmt":"2025-09-30T17:12:15","slug":"fischwirbel-knochenperle-mittel","status":"publish","type":"product","link":"https:\/\/shop.mittgard.de\/?product=fischwirbel-knochenperle-mittel","title":{"rendered":"Fischwirbel, Knochenperle, mittel"},"content":{"rendered":"<p>natur, \u2205 ca. 1 cm<\/p>\n<p>Gr\u00f6\u00dfe und Muster unterschiedlich je nach Fisch, sehr stabil &#8211; diese hier sind vom Hecht<\/p>\n<p>Preis pro St\u00fcck<\/p>\n","protected":false},"excerpt":{"rendered":"<p>natur, \u2205 ca. 1 cm Gr\u00f6\u00dfe und Muster unterschiedlich je nach Fisch, sehr stabil &#8211; diese hier sind vom Hecht Preis pro St\u00fcck<\/p>\n","protected":false},"featured_media":26054,"template":"","meta":[],"product_brand":[],"product_cat":[486,455],"product_tag":[434,1165,458,243],"class_list":{"0":"post-24415","1":"product","2":"type-product","3":"status-publish","4":"has-post-thumbnail","6":"product_cat-perlen","7":"product_cat-schmuck","8":"product_tag-fisch","9":"product_tag-gemustert","10":"product_tag-knochen","11":"product_tag-natur","12":"product_shipping_class-brief","14":"first","15":"instock","16":"taxable","17":"shipping-taxable","18":"purchasable","19":"product-type-simple"},"_links":{"self":[{"href":"https:\/\/shop.mittgard.de\/index.php?rest_route=\/wp\/v2\/product\/24415","targetHints":{"allow":["GET"]}}],"collection":[{"href":"https:\/\/shop.mittgard.de\/index.php?rest_route=\/wp\/v2\/product"}],"about":[{"href":"https:\/\/shop.mittgard.de\/index.php?rest_route=\/wp\/v2\/types\/product"}],"wp:featuredmedia":[{"embeddable":true,"href":"https:\/\/shop.mittgard.de\/index.php?rest_route=\/wp\/v2\/media\/26054"}],"wp:attachment":[{"href":"https:\/\/shop.mittgard.de\/index.php?rest_route=%2Fwp%2Fv2%2Fmedia&parent=24415"}],"wp:term":[{"taxonomy":"product_brand","embeddable":true,"href":"https:\/\/shop.mittgard.de\/index.php?rest_route=%2Fwp%2Fv2%2Fproduct_brand&post=24415"},{"taxonomy":"product_cat","embeddable":true,"href":"https:\/\/shop.mittgard.de\/index.php?rest_route=%2Fwp%2Fv2%2Fproduct_cat&post=24415"},{"taxonomy":"product_tag","embeddable":true,"href":"https:\/\/shop.mittgard.de\/index.php?rest_route=%2Fwp%2Fv2%2Fproduct_tag&post=24415"}],"curies":[{"name":"wp","href":"https:\/\/api.w.org\/{rel}","templated":true}]}}