{"id":24419,"date":"2024-08-19T12:24:08","date_gmt":"2024-08-19T10:24:08","guid":{"rendered":"https:\/\/shop.mittgard.de\/?post_type=product&#038;p=24419"},"modified":"2025-10-09T17:30:04","modified_gmt":"2025-10-09T15:30:04","slug":"schneckenhaeuser-gelb-winzig-klein","status":"publish","type":"product","link":"https:\/\/shop.mittgard.de\/?product=schneckenhaeuser-gelb-winzig-klein","title":{"rendered":"Schneckenh\u00e4user, gelb, winzig klein"},"content":{"rendered":"<p>diese winzigen gelben Schneckenh\u00e4user stammen von einer Schneckenart aus dem Regenwald von Sri Lanka<\/p>\n<p>Gr\u00f6\u00dfe zwischen 0,4 &#8211; 0,6 cm<\/p>\n<p>sehr d\u00fcnne Bohrung f\u00fcr Angelschnur oder Draht, nicht f\u00fcr Lederb\u00e4nder geeignet!<\/p>\n<p>Preis pro St\u00fcck<\/p>\n","protected":false},"excerpt":{"rendered":"<p>diese winzigen gelben Schneckenh\u00e4user stammen von einer Schneckenart aus dem Regenwald von Sri Lanka Gr\u00f6\u00dfe zwischen 0,4 &#8211; 0,6 cm sehr d\u00fcnne Bohrung f\u00fcr Angelschnur oder Draht, nicht f\u00fcr Lederb\u00e4nder geeignet! Preis pro St\u00fcck<\/p>\n","protected":false},"featured_media":26611,"template":"","meta":[],"product_brand":[],"product_cat":[486,455],"product_tag":[90,243,1099],"class_list":{"0":"post-24419","1":"product","2":"type-product","3":"status-publish","4":"has-post-thumbnail","6":"product_cat-perlen","7":"product_cat-schmuck","8":"product_tag-gelb","9":"product_tag-natur","10":"product_tag-schnecke","11":"product_shipping_class-brief","13":"first","14":"instock","15":"taxable","16":"shipping-taxable","17":"purchasable","18":"product-type-simple"},"_links":{"self":[{"href":"https:\/\/shop.mittgard.de\/index.php?rest_route=\/wp\/v2\/product\/24419","targetHints":{"allow":["GET"]}}],"collection":[{"href":"https:\/\/shop.mittgard.de\/index.php?rest_route=\/wp\/v2\/product"}],"about":[{"href":"https:\/\/shop.mittgard.de\/index.php?rest_route=\/wp\/v2\/types\/product"}],"wp:featuredmedia":[{"embeddable":true,"href":"https:\/\/shop.mittgard.de\/index.php?rest_route=\/wp\/v2\/media\/26611"}],"wp:attachment":[{"href":"https:\/\/shop.mittgard.de\/index.php?rest_route=%2Fwp%2Fv2%2Fmedia&parent=24419"}],"wp:term":[{"taxonomy":"product_brand","embeddable":true,"href":"https:\/\/shop.mittgard.de\/index.php?rest_route=%2Fwp%2Fv2%2Fproduct_brand&post=24419"},{"taxonomy":"product_cat","embeddable":true,"href":"https:\/\/shop.mittgard.de\/index.php?rest_route=%2Fwp%2Fv2%2Fproduct_cat&post=24419"},{"taxonomy":"product_tag","embeddable":true,"href":"https:\/\/shop.mittgard.de\/index.php?rest_route=%2Fwp%2Fv2%2Fproduct_tag&post=24419"}],"curies":[{"name":"wp","href":"https:\/\/api.w.org\/{rel}","templated":true}]}}