{"id":24421,"date":"2024-08-19T12:26:17","date_gmt":"2024-08-19T10:26:17","guid":{"rendered":"https:\/\/shop.mittgard.de\/?post_type=product&#038;p=24421"},"modified":"2025-10-09T17:02:48","modified_gmt":"2025-10-09T15:02:48","slug":"glas-scheibchen-orange-rot","status":"publish","type":"product","link":"https:\/\/shop.mittgard.de\/?product=glas-scheibchen-orange-rot","title":{"rendered":"Glas, Scheibchen, orange-rot"},"content":{"rendered":"<p>kleine Glas-Scheibchen in verschiedenen orange bis rot T\u00f6nen, Wickelglasperle<\/p>\n<p><span style=\"font-size: 1rem;\">\u2205 0,3 &#8211; 0,4 cm<\/span><\/p>\n<p>sehr kleine Bohrung, nicht f\u00fcr Lederb\u00e4nder geeignet<\/p>\n<p>Preis pro St\u00fcck<\/p>\n","protected":false},"excerpt":{"rendered":"<p>kleine Glas-Scheibchen in verschiedenen orange bis rot T\u00f6nen, Wickelglasperle \u2205 0,3 &#8211; 0,4 cm sehr kleine Bohrung, nicht f\u00fcr Lederb\u00e4nder geeignet Preis pro St\u00fcck<\/p>\n","protected":false},"featured_media":26582,"template":"","meta":[],"product_brand":[],"product_cat":[486,455],"product_tag":[299,99,96,815],"class_list":{"0":"post-24421","1":"product","2":"type-product","3":"status-publish","4":"has-post-thumbnail","6":"product_cat-perlen","7":"product_cat-schmuck","8":"product_tag-glas","9":"product_tag-orange","10":"product_tag-rot","11":"product_tag-scheibchen","12":"product_shipping_class-brief","14":"first","15":"instock","16":"taxable","17":"shipping-taxable","18":"purchasable","19":"product-type-simple"},"_links":{"self":[{"href":"https:\/\/shop.mittgard.de\/index.php?rest_route=\/wp\/v2\/product\/24421","targetHints":{"allow":["GET"]}}],"collection":[{"href":"https:\/\/shop.mittgard.de\/index.php?rest_route=\/wp\/v2\/product"}],"about":[{"href":"https:\/\/shop.mittgard.de\/index.php?rest_route=\/wp\/v2\/types\/product"}],"wp:featuredmedia":[{"embeddable":true,"href":"https:\/\/shop.mittgard.de\/index.php?rest_route=\/wp\/v2\/media\/26582"}],"wp:attachment":[{"href":"https:\/\/shop.mittgard.de\/index.php?rest_route=%2Fwp%2Fv2%2Fmedia&parent=24421"}],"wp:term":[{"taxonomy":"product_brand","embeddable":true,"href":"https:\/\/shop.mittgard.de\/index.php?rest_route=%2Fwp%2Fv2%2Fproduct_brand&post=24421"},{"taxonomy":"product_cat","embeddable":true,"href":"https:\/\/shop.mittgard.de\/index.php?rest_route=%2Fwp%2Fv2%2Fproduct_cat&post=24421"},{"taxonomy":"product_tag","embeddable":true,"href":"https:\/\/shop.mittgard.de\/index.php?rest_route=%2Fwp%2Fv2%2Fproduct_tag&post=24421"}],"curies":[{"name":"wp","href":"https:\/\/api.w.org\/{rel}","templated":true}]}}