{"id":24427,"date":"2024-08-19T12:31:06","date_gmt":"2024-08-19T10:31:06","guid":{"rendered":"https:\/\/shop.mittgard.de\/?post_type=product&#038;p=24427"},"modified":"2025-09-30T19:26:00","modified_gmt":"2025-09-30T17:26:00","slug":"glas-scheibchen-braun","status":"publish","type":"product","link":"https:\/\/shop.mittgard.de\/?product=glas-scheibchen-braun","title":{"rendered":"Glas, Scheibchen, braun"},"content":{"rendered":"<p>kleine Glas-Scheibchen in verschiedenen Braun-T\u00f6nen, Wickelglasperle<\/p>\n<p><span style=\"font-size: 1rem;\">\u2205 0,3 &#8211; 0,4 cm<\/span><\/p>\n<p>sehr kleine Bohrung, nicht f\u00fcr Lederb\u00e4nder geeignet<\/p>\n<p>Preis pro St\u00fcck<\/p>\n","protected":false},"excerpt":{"rendered":"<p>kleine Glas-Scheibchen in verschiedenen Braun-T\u00f6nen, Wickelglasperle \u2205 0,3 &#8211; 0,4 cm sehr kleine Bohrung, nicht f\u00fcr Lederb\u00e4nder geeignet Preis pro St\u00fcck<\/p>\n","protected":false},"featured_media":26069,"template":"","meta":[],"product_brand":[],"product_cat":[486,455],"product_tag":[88,299,815],"class_list":{"0":"post-24427","1":"product","2":"type-product","3":"status-publish","4":"has-post-thumbnail","6":"product_cat-perlen","7":"product_cat-schmuck","8":"product_tag-braun","9":"product_tag-glas","10":"product_tag-scheibchen","11":"product_shipping_class-brief","13":"first","14":"instock","15":"taxable","16":"shipping-taxable","17":"purchasable","18":"product-type-simple"},"_links":{"self":[{"href":"https:\/\/shop.mittgard.de\/index.php?rest_route=\/wp\/v2\/product\/24427","targetHints":{"allow":["GET"]}}],"collection":[{"href":"https:\/\/shop.mittgard.de\/index.php?rest_route=\/wp\/v2\/product"}],"about":[{"href":"https:\/\/shop.mittgard.de\/index.php?rest_route=\/wp\/v2\/types\/product"}],"wp:featuredmedia":[{"embeddable":true,"href":"https:\/\/shop.mittgard.de\/index.php?rest_route=\/wp\/v2\/media\/26069"}],"wp:attachment":[{"href":"https:\/\/shop.mittgard.de\/index.php?rest_route=%2Fwp%2Fv2%2Fmedia&parent=24427"}],"wp:term":[{"taxonomy":"product_brand","embeddable":true,"href":"https:\/\/shop.mittgard.de\/index.php?rest_route=%2Fwp%2Fv2%2Fproduct_brand&post=24427"},{"taxonomy":"product_cat","embeddable":true,"href":"https:\/\/shop.mittgard.de\/index.php?rest_route=%2Fwp%2Fv2%2Fproduct_cat&post=24427"},{"taxonomy":"product_tag","embeddable":true,"href":"https:\/\/shop.mittgard.de\/index.php?rest_route=%2Fwp%2Fv2%2Fproduct_tag&post=24427"}],"curies":[{"name":"wp","href":"https:\/\/api.w.org\/{rel}","templated":true}]}}