{"id":24495,"date":"2024-09-25T15:10:46","date_gmt":"2024-09-25T13:10:46","guid":{"rendered":"https:\/\/shop.mittgard.de\/?post_type=product&#038;p=24495"},"modified":"2025-10-08T18:16:32","modified_gmt":"2025-10-08T16:16:32","slug":"josel-ingeborg-cremes-salben-selbst-geruehrt","status":"publish","type":"product","link":"https:\/\/shop.mittgard.de\/?product=josel-ingeborg-cremes-salben-selbst-geruehrt","title":{"rendered":"Josel, Ingeborg &#8222;Cremes &#038; Salben selbst ger\u00fchrt&#8220;"},"content":{"rendered":"<p>Sonnenkosmetik, Lipgloss, Deos &amp; Co.<\/p>\n<p>Cremes und Salben selbst herstellen &#8211; so einfach geht&#8217;s!<\/p>\n<p>Wie schnell und einfach Sie ihre eigenen Cremes und Salben r\u00fchren k\u00f6nnen, zeigt Ihnen die Autorin Ingeborg Josel in diesem Buch. &#8222;An meine Haut lasse ich nur selbst gemachte Pflege. Da wei\u00df ich, was drin ist.&#8220;<\/p>\n<p>Ausf\u00fchrlich und in \u00fcber 200 Farbabbildungen erkl\u00e4rt sie die einzelnen Schritte von Fett-, Wasser- und Wirkstoffphase, die f\u00fcr die Herstellung von Cremes bzw. Salben notwendig sind, und geht auch genau auf die einzelnen gesundheitlichen Aspekte der verwendeten Rohstoffe und ihre Wirkung auf die einzelnen Hauttypen ein.<\/p>\n<p>Neben der Herstellung von Cremes und Salben zeigt die Autorin auch, dass Sie mit demselben Prinzip auch in Windeseile weitere Produkte aus der Naturkosmetik zaubern k\u00f6nnen. Von Gesichtsw\u00e4ssern f\u00fcr jeden Hauttyp, \u00fcber Bodylotions, Bodybutter, Massage-Barren, Deos, Lippenpflege bis zur Sonnenkosmetik mit Sonnenmilch, Sonnen\u00f6l und After-Sun-Pflege k\u00f6nnen Sie k\u00fcnftig ihre gesamte pflegende Kosmetik ebenso einfach selbst herstellen wie die hilfreichen Salben, die sich schon immer bew\u00e4hrt haben, wie z.B. die Ringelblumensalbe. Alle sind in zeitgem\u00e4\u00dfen Rezepturen verpackt und speziell Ihren pers\u00f6nlichen Bed\u00fcrfnissen angepasst &#8211; mit dem Wissen, was drin ist!<\/p>\n<p>Also versuchen Sie es selbst und lassen Sie sich von Ihren eigenen Produkten verw\u00f6hnen!<\/p>\n<p>Gebundene Ausgabe, 156 Seiten<\/p>\n","protected":false},"excerpt":{"rendered":"<p>Geb<\/p>\n","protected":false},"featured_media":26235,"template":"","meta":[],"product_brand":[],"product_cat":[186,185,201],"product_tag":[1528,1385,220],"class_list":{"0":"post-24495","1":"product","2":"type-product","3":"status-publish","4":"has-post-thumbnail","6":"product_cat-alternativ-leben","7":"product_cat-literatur","8":"product_cat-naturheilkunde-kraeuterwissen","9":"product_tag-naturkosmetik","10":"product_tag-salben","11":"product_tag-selbstversorger","12":"product_shipping_class-paket","14":"first","15":"onbackorder","16":"taxable","17":"shipping-taxable","18":"purchasable","19":"product-type-simple"},"_links":{"self":[{"href":"https:\/\/shop.mittgard.de\/index.php?rest_route=\/wp\/v2\/product\/24495","targetHints":{"allow":["GET"]}}],"collection":[{"href":"https:\/\/shop.mittgard.de\/index.php?rest_route=\/wp\/v2\/product"}],"about":[{"href":"https:\/\/shop.mittgard.de\/index.php?rest_route=\/wp\/v2\/types\/product"}],"wp:featuredmedia":[{"embeddable":true,"href":"https:\/\/shop.mittgard.de\/index.php?rest_route=\/wp\/v2\/media\/26235"}],"wp:attachment":[{"href":"https:\/\/shop.mittgard.de\/index.php?rest_route=%2Fwp%2Fv2%2Fmedia&parent=24495"}],"wp:term":[{"taxonomy":"product_brand","embeddable":true,"href":"https:\/\/shop.mittgard.de\/index.php?rest_route=%2Fwp%2Fv2%2Fproduct_brand&post=24495"},{"taxonomy":"product_cat","embeddable":true,"href":"https:\/\/shop.mittgard.de\/index.php?rest_route=%2Fwp%2Fv2%2Fproduct_cat&post=24495"},{"taxonomy":"product_tag","embeddable":true,"href":"https:\/\/shop.mittgard.de\/index.php?rest_route=%2Fwp%2Fv2%2Fproduct_tag&post=24495"}],"curies":[{"name":"wp","href":"https:\/\/api.w.org\/{rel}","templated":true}]}}