{"id":24501,"date":"2024-09-25T15:30:57","date_gmt":"2024-09-25T13:30:57","guid":{"rendered":"https:\/\/shop.mittgard.de\/?post_type=product&#038;p=24501"},"modified":"2025-10-08T18:39:52","modified_gmt":"2025-10-08T16:39:52","slug":"tragner-eva-meine-gruene-hausapotheke","status":"publish","type":"product","link":"https:\/\/shop.mittgard.de\/?product=tragner-eva-meine-gruene-hausapotheke","title":{"rendered":"Tragner, Eva &#8222;Meine Gr\u00fcne Hausapotheke&#8220;"},"content":{"rendered":"<p>Kr\u00e4uterrezepte einfach selbst gemacht<\/p>\n<p>Gesundheit aus der Natur &#8211; &#8222;einfach selbst gemacht&#8220;<\/p>\n<p>Anhand von \u00fcber 170 Kr\u00e4uterrezepten wird die einfache Verarbeitung heilender Kr\u00e4uter f\u00fcr die &#8222;Gr\u00fcne Hausapotheke&#8220; gezeigt. Erfahren Sie mehr \u00fcber alte vergessene Medizinalzubereitungen, viele praktische Rezepte, die von der Autorin an die heutigen Bed\u00fcrfnisse angepasst wurden und ausschlie\u00dflich mit einfachen regionalen Zutaten gezaubert werden.<\/p>\n<p>Dieses Buch ist ein Streifzug der wichtigsten Zubereitungsm\u00f6glichkeiten von Knospenmedizin, Fr\u00fchlingskr\u00e4utern, Medizinalwein, Oxymel, Sole, Verreibungen, heilender Asche, \u00d6lans\u00e4tzen und Tinkturen, vom Halsspray bis hin zum Hustenzuckerl. Auch der Wald- und Wiesen-Franzbranntwein, ein Seelenschmeichler, Heilkleidung (wie z.B. Detoxsocken) sowie eine Pech- und Bettlersalbe finden sich darin.<\/p>\n<p>Heimische Kr\u00e4uter sind immer &#8222;Heil-, Nahrungs- und Pflegemittel&#8220;, die sowohl von innen (Medizinalessig, Smoothie, Gr\u00fcnes N\u00e4hrstoffpulver&#8230;) als auch von au\u00dfen (Gel, Einreibung, Salben&#8230;) wirken.<\/p>\n<p>\u00dcber 100 Hausmittel- und Kr\u00e4utertipps zeigen, dass f\u00fcr viele Leiden ein Kraut gewachsen ist. Ein eigenes Kapitel stellt die 100 wichtigsten Heilkr\u00e4uter f\u00fcr Beschwerden von Kopf bis Fu\u00df vor! Und die Top-10-Liste f\u00fcr Hausapotheke und Vorratskammer verr\u00e4t auf einen Blick, dass die wichtigsten Zutaten daf\u00fcr in jedem Haushalt sowieso vorhanden sind!<\/p>\n<p>Ein unverzichtbares Nachschlagewerk f\u00fcr jeden Haushalt, f\u00fcr Kr\u00e4uterkenner und Neueinsteiger, f\u00fcr die Gesunderhaltung und f\u00fcr die Gesundheitsvorsorge nach dem Motto &#8222;Vorbeugen ist besser als Heilen&#8220;.<\/p>\n<p>Gebundene Ausgabe, 208 Seiten<\/p>\n","protected":false},"excerpt":{"rendered":"<p>Geb<\/p>\n","protected":false},"featured_media":26278,"template":"","meta":[],"product_brand":[],"product_cat":[186,185,201],"product_tag":[971,366,1595,1112,1385],"class_list":{"0":"post-24501","1":"product","2":"type-product","3":"status-publish","4":"has-post-thumbnail","6":"product_cat-alternativ-leben","7":"product_cat-literatur","8":"product_cat-naturheilkunde-kraeuterwissen","9":"product_tag-arznei","10":"product_tag-kraeuter","11":"product_tag-kraeutertee","12":"product_tag-naturheilkunde","13":"product_tag-salben","14":"product_shipping_class-paket","16":"first","17":"onbackorder","18":"taxable","19":"shipping-taxable","20":"purchasable","21":"product-type-simple"},"_links":{"self":[{"href":"https:\/\/shop.mittgard.de\/index.php?rest_route=\/wp\/v2\/product\/24501","targetHints":{"allow":["GET"]}}],"collection":[{"href":"https:\/\/shop.mittgard.de\/index.php?rest_route=\/wp\/v2\/product"}],"about":[{"href":"https:\/\/shop.mittgard.de\/index.php?rest_route=\/wp\/v2\/types\/product"}],"wp:featuredmedia":[{"embeddable":true,"href":"https:\/\/shop.mittgard.de\/index.php?rest_route=\/wp\/v2\/media\/26278"}],"wp:attachment":[{"href":"https:\/\/shop.mittgard.de\/index.php?rest_route=%2Fwp%2Fv2%2Fmedia&parent=24501"}],"wp:term":[{"taxonomy":"product_brand","embeddable":true,"href":"https:\/\/shop.mittgard.de\/index.php?rest_route=%2Fwp%2Fv2%2Fproduct_brand&post=24501"},{"taxonomy":"product_cat","embeddable":true,"href":"https:\/\/shop.mittgard.de\/index.php?rest_route=%2Fwp%2Fv2%2Fproduct_cat&post=24501"},{"taxonomy":"product_tag","embeddable":true,"href":"https:\/\/shop.mittgard.de\/index.php?rest_route=%2Fwp%2Fv2%2Fproduct_tag&post=24501"}],"curies":[{"name":"wp","href":"https:\/\/api.w.org\/{rel}","templated":true}]}}