{"id":24526,"date":"2024-09-30T13:46:33","date_gmt":"2024-09-30T11:46:33","guid":{"rendered":"https:\/\/shop.mittgard.de\/?post_type=product&#038;p=24526"},"modified":"2025-10-09T15:49:20","modified_gmt":"2025-10-09T13:49:20","slug":"skade-cambra-die-silberfuechsin","status":"publish","type":"product","link":"https:\/\/shop.mittgard.de\/?product=skade-cambra-die-silberfuechsin","title":{"rendered":"Skad\u00e9, Cambra &#8222;Die Silberf\u00fcchsin&#8220;"},"content":{"rendered":"<p>Am Schwarzmondfeuer &#8211; wild, lachend, frei<\/p>\n<p>Ich werde \u00e4lter und ich bin sterblich.<br \/>\nMeine Haut wird runzlig, Falten durchziehen mein Gesicht.<br \/>\nSilberstr\u00e4hnen leuchten, schlohwei\u00dfes Haar weht im Wind.<\/p>\n<p>Die Sch\u00f6nheit und W\u00fcrde des Alters,<br \/>\nwo finde ich sie?<\/p>\n<p>Warum nicht die Altersspuren einfach hinnehmen und<br \/>\nden Bildern von alt und faltig meine eigenen entgegensetzen,<br \/>\num die Lust am \u00c4lterwerden zu n\u00e4hren?<br \/>\nWenn der Jahrmarkt des Jugendwahns ruft,<br \/>\ndann gehe ich einfach nicht hin.<br \/>\nDas ist heilsam!<\/p>\n<p>Darin liegt eine geheimnisvolle Sch\u00f6nheit.<br \/>\nEs ist gelebt, getr\u00e4nkt mit Lebensber\u00fchrung, mit Jahren,<br \/>\nwie altes Holz, wie vermooste Steine, wie vom Wind \u00fcber Jahrhunderte<br \/>\ngeformte Landschaft. Genie\u00dfe wir unsere innere Ernte.<br \/>\nBestaunen wir die Fr\u00fcchte unserer Erfahrungen.<br \/>\nSo sind wir verwurzelt mit unserem Lebensreichtum.<\/p>\n<p>Moment f\u00fcr Moment<br \/>\nmich erneuern und sterben.<br \/>\nMich in mir wandeln.<\/p>\n<p>Mit leichtem Gep\u00e4ck unterwegs sein, daf\u00fcr mit anderem:<br \/>\ndem Freim\u00fctigen, Urteilskraft, dem K\u00fchnen Infragestellen und magischen Kr\u00e4ften.<br \/>\nWenn eine gut unterwegs ist mit sich und<br \/>\nandere sie zu kantig oder irritierend finden, dann sagt sie:<br \/>\nIch verstehe etwas von W\u00fcrde und ich fordere Respekt.<br \/>\nLieben brauchst du mich nicht, das tue ich schon selbst.<\/p>\n<p>F\u00fcr so manches stehe ich nicht mehr zur Verf\u00fcgung.<br \/>\nEs wartet ein anderer Platz in einem neuen Selbstverst\u00e4ndnis.<br \/>\nIch will ihn einnehmen. Ich will meine Jahre der schwarzen Weisheit<br \/>\nan gut geh\u00fcteten Feuern verbringen!<\/p>\n<p>Gebundene Ausgabe, 160 Seiten<\/p>\n","protected":false},"excerpt":{"rendered":"<p>Geb<\/p>\n","protected":false},"featured_media":26481,"template":"","meta":[],"product_brand":[],"product_cat":[195,185],"product_tag":[1601,975,1191,806],"class_list":{"0":"post-24526","1":"product","2":"type-product","3":"status-publish","4":"has-post-thumbnail","6":"product_cat-hexentum-schamanismus","7":"product_cat-literatur","8":"product_tag-aelterwerden","9":"product_tag-kunst","10":"product_tag-sterben","11":"product_tag-weisheit","12":"product_shipping_class-paket","14":"first","15":"onbackorder","16":"taxable","17":"shipping-taxable","18":"purchasable","19":"product-type-simple"},"_links":{"self":[{"href":"https:\/\/shop.mittgard.de\/index.php?rest_route=\/wp\/v2\/product\/24526","targetHints":{"allow":["GET"]}}],"collection":[{"href":"https:\/\/shop.mittgard.de\/index.php?rest_route=\/wp\/v2\/product"}],"about":[{"href":"https:\/\/shop.mittgard.de\/index.php?rest_route=\/wp\/v2\/types\/product"}],"wp:featuredmedia":[{"embeddable":true,"href":"https:\/\/shop.mittgard.de\/index.php?rest_route=\/wp\/v2\/media\/26481"}],"wp:attachment":[{"href":"https:\/\/shop.mittgard.de\/index.php?rest_route=%2Fwp%2Fv2%2Fmedia&parent=24526"}],"wp:term":[{"taxonomy":"product_brand","embeddable":true,"href":"https:\/\/shop.mittgard.de\/index.php?rest_route=%2Fwp%2Fv2%2Fproduct_brand&post=24526"},{"taxonomy":"product_cat","embeddable":true,"href":"https:\/\/shop.mittgard.de\/index.php?rest_route=%2Fwp%2Fv2%2Fproduct_cat&post=24526"},{"taxonomy":"product_tag","embeddable":true,"href":"https:\/\/shop.mittgard.de\/index.php?rest_route=%2Fwp%2Fv2%2Fproduct_tag&post=24526"}],"curies":[{"name":"wp","href":"https:\/\/api.w.org\/{rel}","templated":true}]}}