{"id":24549,"date":"2024-11-06T10:58:15","date_gmt":"2024-11-06T09:58:15","guid":{"rendered":"https:\/\/shop.mittgard.de\/?post_type=product&#038;p=24549"},"modified":"2025-10-09T16:51:28","modified_gmt":"2025-10-09T14:51:28","slug":"radke-sagen-legenden-aus-nuernberg","status":"publish","type":"product","link":"https:\/\/shop.mittgard.de\/?product=radke-sagen-legenden-aus-nuernberg","title":{"rendered":"Radke &#8222;Sagen &#038; Legenden aus N\u00fcrnberg"},"content":{"rendered":"<p><span style=\"font-size: 14pt;\"><em><strong>Kaiser und K\u00f6nige&#8230;<\/strong><\/em><\/span><\/p>\n<p>&#8230; sind in N\u00fcrnberg abgestiegen, haben Reichstag gehalten und dort zu Gericht gesessen. Die Stadt mag j\u00fcnger sein als manch andere in der n\u00e4heren und weiteren Umgebung, doch ihre Sagen reichen bis in die Zeit der R\u00f6mer zur\u00fcck. Dabei kommen nicht nur F\u00fcrsten in diesen Erz\u00e4hlungen zur Geltung, sondern auch Ritter, M\u00f6nche und einfache B\u00fcrger.<\/p>\n<p>Einem sagenhaften Spaziergang durch die Stadt folgt die Umrundung derselben, begleitet von einem Blick auf die Geschichten, die man sich in F\u00fcrth und Erlangen seit alter Zeit erz\u00e4hlt.<\/p>\n<p>Horst-Dieter Radke, Jg. 1953, lebt seit 1982 in Tauberfranken. Er schreibt Romane, Novellen, Erz\u00e4hlungen, Sachb\u00fccher, Wanderb\u00fccher und stellt immer wieder gerne B\u00fccher mit M\u00e4rchen, Sagen und Legenden zusammen. Im Regionalia Verlag sind bereits einige B\u00fccher mit Sagen, \u00fcber Franken und eines \u00fcber R\u00e4uber und R\u00e4uberbanden erschienen.<\/p>\n<p>Gebundene Ausgabe, 160 Seiten<\/p>\n","protected":false},"excerpt":{"rendered":"<p>Geb<\/p>\n","protected":false},"featured_media":26572,"template":"","meta":[],"product_brand":[],"product_cat":[185,212],"product_tag":[343,1603,1602,305],"class_list":{"0":"post-24549","1":"product","2":"type-product","3":"status-publish","4":"has-post-thumbnail","6":"product_cat-literatur","7":"product_cat-sagen","8":"product_tag-franken","9":"product_tag-kaiser","10":"product_tag-nuernberg","11":"product_tag-sagen","12":"product_shipping_class-paket","14":"first","15":"instock","16":"taxable","17":"shipping-taxable","18":"purchasable","19":"product-type-simple"},"_links":{"self":[{"href":"https:\/\/shop.mittgard.de\/index.php?rest_route=\/wp\/v2\/product\/24549","targetHints":{"allow":["GET"]}}],"collection":[{"href":"https:\/\/shop.mittgard.de\/index.php?rest_route=\/wp\/v2\/product"}],"about":[{"href":"https:\/\/shop.mittgard.de\/index.php?rest_route=\/wp\/v2\/types\/product"}],"wp:featuredmedia":[{"embeddable":true,"href":"https:\/\/shop.mittgard.de\/index.php?rest_route=\/wp\/v2\/media\/26572"}],"wp:attachment":[{"href":"https:\/\/shop.mittgard.de\/index.php?rest_route=%2Fwp%2Fv2%2Fmedia&parent=24549"}],"wp:term":[{"taxonomy":"product_brand","embeddable":true,"href":"https:\/\/shop.mittgard.de\/index.php?rest_route=%2Fwp%2Fv2%2Fproduct_brand&post=24549"},{"taxonomy":"product_cat","embeddable":true,"href":"https:\/\/shop.mittgard.de\/index.php?rest_route=%2Fwp%2Fv2%2Fproduct_cat&post=24549"},{"taxonomy":"product_tag","embeddable":true,"href":"https:\/\/shop.mittgard.de\/index.php?rest_route=%2Fwp%2Fv2%2Fproduct_tag&post=24549"}],"curies":[{"name":"wp","href":"https:\/\/api.w.org\/{rel}","templated":true}]}}