{"id":24586,"date":"2024-11-09T17:38:09","date_gmt":"2024-11-09T16:38:09","guid":{"rendered":"https:\/\/shop.mittgard.de\/?post_type=product&#038;p=24586"},"modified":"2025-10-08T18:30:46","modified_gmt":"2025-10-08T16:30:46","slug":"reimann-eckel-im-jahreskreis-das-leben-feiern","status":"publish","type":"product","link":"https:\/\/shop.mittgard.de\/?product=reimann-eckel-im-jahreskreis-das-leben-feiern","title":{"rendered":"Reimann\/Eckel &#8222;Im Jahreskreis das Leben feiern&#8220;"},"content":{"rendered":"<p>Mit keltischen Festen ein Leben voller Hingabe, Klarheit und Kraft erschaffen<\/p>\n<p>Unsere Vorfahren empfanden Zeit als Zyklus: Der Mond, die Jahreszeiten und alles Leben durchlaufen Phasen von Ruhe und Aktivit\u00e4t, Wachstum und Sammlung. Mit jedem Ende beginnt etwas Neues. Die Kelten und Germanen ehrten diesen ewigen Kreislauf und seine wechselnden Zeitqualit\u00e4ten mit acht Jahreskreisfesten.<\/p>\n<p>Seit vielen Jahren leben Antara Reimann und Peter Eckel im Bewusstsein der nat\u00fcrlichen Zyklen. Sie teilen in diesem Buch inspirierende Impulse, traditionelles Wissen, einfache Meditations- und Ritualanleitungen sowie saisonale Rezeptideen zu Yule, Beltane oder Samhain mit uns. Die erm\u00f6glicht uns, die verschiedenen Abschnitte des Jahres intensiv zu erleben. Wir verstehen, wann es Zeit ist, Altes loszulassen oder Neues zu wagen, Pl\u00e4ne zu schmieden oder aktiv zu werden. Im Einklang mit den Rhythmen der Natur gewinnen wir Vertrauen und Klarheit f\u00fcr unseren Weg, f\u00fchlen Dankbarkeit und k\u00f6nnen Mutter Erde und das Leben feiern.<\/p>\n<p>Entdecke die Magie des Jahreskreises, und lasse dich von der Weisheit unserer Ahnen inspirieren!<\/p>\n<p>Broschiert, 168 Seiten<\/p>\n","protected":false},"excerpt":{"rendered":"<p>Br<\/p>\n","protected":false},"featured_media":26261,"template":"","meta":[],"product_brand":[],"product_cat":[186,193,194,185],"product_tag":[1054,336,959,1612,313,382],"class_list":{"0":"post-24586","1":"product","2":"type-product","3":"status-publish","4":"has-post-thumbnail","6":"product_cat-alternativ-leben","7":"product_cat-germanen","8":"product_cat-kelten","9":"product_cat-literatur","10":"product_tag-blot","11":"product_tag-germanen","12":"product_tag-jahreskreisfeste","13":"product_tag-jahresrad","14":"product_tag-kelten","15":"product_tag-rituale","16":"product_shipping_class-paket","18":"first","19":"onbackorder","20":"taxable","21":"shipping-taxable","22":"purchasable","23":"product-type-simple"},"_links":{"self":[{"href":"https:\/\/shop.mittgard.de\/index.php?rest_route=\/wp\/v2\/product\/24586","targetHints":{"allow":["GET"]}}],"collection":[{"href":"https:\/\/shop.mittgard.de\/index.php?rest_route=\/wp\/v2\/product"}],"about":[{"href":"https:\/\/shop.mittgard.de\/index.php?rest_route=\/wp\/v2\/types\/product"}],"wp:featuredmedia":[{"embeddable":true,"href":"https:\/\/shop.mittgard.de\/index.php?rest_route=\/wp\/v2\/media\/26261"}],"wp:attachment":[{"href":"https:\/\/shop.mittgard.de\/index.php?rest_route=%2Fwp%2Fv2%2Fmedia&parent=24586"}],"wp:term":[{"taxonomy":"product_brand","embeddable":true,"href":"https:\/\/shop.mittgard.de\/index.php?rest_route=%2Fwp%2Fv2%2Fproduct_brand&post=24586"},{"taxonomy":"product_cat","embeddable":true,"href":"https:\/\/shop.mittgard.de\/index.php?rest_route=%2Fwp%2Fv2%2Fproduct_cat&post=24586"},{"taxonomy":"product_tag","embeddable":true,"href":"https:\/\/shop.mittgard.de\/index.php?rest_route=%2Fwp%2Fv2%2Fproduct_tag&post=24586"}],"curies":[{"name":"wp","href":"https:\/\/api.w.org\/{rel}","templated":true}]}}