{"id":24596,"date":"2024-11-09T18:05:40","date_gmt":"2024-11-09T17:05:40","guid":{"rendered":"https:\/\/shop.mittgard.de\/?post_type=product&#038;p=24596"},"modified":"2025-10-08T18:25:33","modified_gmt":"2025-10-08T16:25:33","slug":"peters-volker-kraftrituale-in-der-natur","status":"publish","type":"product","link":"https:\/\/shop.mittgard.de\/?product=peters-volker-kraftrituale-in-der-natur","title":{"rendered":"Peters, Volker &#8222;Kraftrituale in der Natur&#8220;"},"content":{"rendered":"<p>Ver\u00e4nderungen meistern, Krisen bew\u00e4ltigen, Erfolge feiern<\/p>\n<p>Sich erden, Frieden schlie\u00dfen, das innere Feuer neu entfachen, Vertrauen wachsen lassen oder die eigene Bestimmung erkennen.<\/p>\n<p>Kraftrituale machen all das m\u00f6glich. Ob im Wald, im Park, am Wasser oder im Gebirge &#8211; in der Natur sind wir n\u00e4her bei uns selbst. Unter freiem Himmel erweitern wir unsere Sicht und erlangen mit Leichtigkeit und Freude manchmal \u00fcberraschende Erkenntnisse.<\/p>\n<p>Mit viel Herz und fundiertem Fachwissen begleitet Sie der erfahrene Naturcoach und Wildnisp\u00e4dagoge Volker Peters hinaus ins Gr\u00fcne. Er f\u00fchrt Sie durch erprobte Naturrituale zu den verschiedensten Themen und gibt Ihnen zahlreiche Tipps, auch zur Gestaltung Ihrer eigenen st\u00e4rkenden Rituale. Tanken Sie Kraft und Lebensfreude in der Natur, und gewinnen Sie wertvolle Impulse f\u00fcr Ihr Leben!<\/p>\n<p>Broschiert, 160 Seiten<\/p>\n","protected":false},"excerpt":{"rendered":"<p>Br<\/p>\n","protected":false},"featured_media":26253,"template":"","meta":[],"product_brand":[],"product_cat":[186,195,185],"product_tag":[1054,324,251,223,1613,248],"class_list":{"0":"post-24596","1":"product","2":"type-product","3":"status-publish","4":"has-post-thumbnail","6":"product_cat-alternativ-leben","7":"product_cat-hexentum-schamanismus","8":"product_cat-literatur","9":"product_tag-blot","10":"product_tag-kraftorte","11":"product_tag-meditation","12":"product_tag-naturreligion","13":"product_tag-naturrituale","14":"product_tag-ritual","15":"product_shipping_class-paket","17":"first","18":"onbackorder","19":"taxable","20":"shipping-taxable","21":"purchasable","22":"product-type-simple"},"_links":{"self":[{"href":"https:\/\/shop.mittgard.de\/index.php?rest_route=\/wp\/v2\/product\/24596","targetHints":{"allow":["GET"]}}],"collection":[{"href":"https:\/\/shop.mittgard.de\/index.php?rest_route=\/wp\/v2\/product"}],"about":[{"href":"https:\/\/shop.mittgard.de\/index.php?rest_route=\/wp\/v2\/types\/product"}],"wp:featuredmedia":[{"embeddable":true,"href":"https:\/\/shop.mittgard.de\/index.php?rest_route=\/wp\/v2\/media\/26253"}],"wp:attachment":[{"href":"https:\/\/shop.mittgard.de\/index.php?rest_route=%2Fwp%2Fv2%2Fmedia&parent=24596"}],"wp:term":[{"taxonomy":"product_brand","embeddable":true,"href":"https:\/\/shop.mittgard.de\/index.php?rest_route=%2Fwp%2Fv2%2Fproduct_brand&post=24596"},{"taxonomy":"product_cat","embeddable":true,"href":"https:\/\/shop.mittgard.de\/index.php?rest_route=%2Fwp%2Fv2%2Fproduct_cat&post=24596"},{"taxonomy":"product_tag","embeddable":true,"href":"https:\/\/shop.mittgard.de\/index.php?rest_route=%2Fwp%2Fv2%2Fproduct_tag&post=24596"}],"curies":[{"name":"wp","href":"https:\/\/api.w.org\/{rel}","templated":true}]}}