{"id":24852,"date":"2025-01-15T13:23:35","date_gmt":"2025-01-15T12:23:35","guid":{"rendered":"https:\/\/shop.mittgard.de\/?post_type=product&#038;p=24852"},"modified":"2025-07-28T10:12:28","modified_gmt":"2025-07-28T08:12:28","slug":"seunig-romana-raeuchern-im-einklang-mit-der-natur","status":"publish","type":"product","link":"https:\/\/shop.mittgard.de\/?product=seunig-romana-raeuchern-im-einklang-mit-der-natur","title":{"rendered":"Seunig, Romana &#8222;R\u00e4uchern im Einklang mit der Natur&#8220;"},"content":{"rendered":"<p>R\u00e4ucherwerk aus Wald, Garten &amp; Flur<\/p>\n<p>Zeit zum R\u00e4uchern<\/p>\n<p>Vom zarten Duft der Apfelbl\u00fcten bis hin zum w\u00fcrzigen Aroma der Wegwartenwurzel &#8211; das R\u00e4uchern mit Pflanzen er\u00f6ffnet eine Welt der sinnlichen Erlebnisse und heilenden Kr\u00e4fte. Der Rauch von heimischen B\u00e4umen, Str\u00e4uchern, Kr\u00e4utern und Wurzeln kann unterst\u00fctzen, ausgleichen und besch\u00fctzen.<\/p>\n<p>Im Buch stellt die Autorin 93 Pflanzen vor, die vor unserer Haust\u00fcr wachsen. Sie erkl\u00e4rt, welche Teile davon zum R\u00e4uchern genutzt werden und wie sie wirken. Jede R\u00e4ucherpflanze wird mit Farbfotos in mehreren Vegetationsstadien sowie im getrockneten Zustand abgebildet, was das Erkennen erleichtert und beim Sammeln hilfreich ist. Neben botanischen, volksheilkundlichen und geschichtlichen Aspekten liefert sie Vorschl\u00e4ge f\u00fcr bew\u00e4hrte R\u00e4uchermischungen zu jeder Pflanze. Lassen Sie sich von alten Weisheiten und modernen Anwendungen des Pflanzenr\u00e4ucherns inspirieren.<\/p>\n<p>Aus dem Inhalt:<\/p>\n<ul>\n<li>R\u00e4uchermischungen herstellen<\/li>\n<li>Der Rauch von immergr\u00fcnen Pflanzen und Pflanzenwurzeln<\/li>\n<li>Der Rauch von H\u00f6lzern, (Halb-) Str\u00e4uchern und Kr\u00e4utern<\/li>\n<\/ul>\n<p>Gebundene Ausgabe, 240 Seiten<\/p>\n","protected":false},"excerpt":{"rendered":"<p>Geb<\/p>\n","protected":false},"featured_media":24853,"template":"","meta":[],"product_brand":[],"product_cat":[185,207],"product_tag":[228,1922,366,643,646],"class_list":{"0":"post-24852","1":"product","2":"type-product","3":"status-publish","4":"has-post-thumbnail","6":"product_cat-literatur","7":"product_cat-raeucherungen","8":"product_tag-duft","9":"product_tag-harze","10":"product_tag-kraeuter","11":"product_tag-raeuchern","12":"product_tag-weihrauch","13":"product_shipping_class-paket","15":"first","16":"onbackorder","17":"taxable","18":"shipping-taxable","19":"purchasable","20":"product-type-simple"},"_links":{"self":[{"href":"https:\/\/shop.mittgard.de\/index.php?rest_route=\/wp\/v2\/product\/24852","targetHints":{"allow":["GET"]}}],"collection":[{"href":"https:\/\/shop.mittgard.de\/index.php?rest_route=\/wp\/v2\/product"}],"about":[{"href":"https:\/\/shop.mittgard.de\/index.php?rest_route=\/wp\/v2\/types\/product"}],"wp:featuredmedia":[{"embeddable":true,"href":"https:\/\/shop.mittgard.de\/index.php?rest_route=\/wp\/v2\/media\/24853"}],"wp:attachment":[{"href":"https:\/\/shop.mittgard.de\/index.php?rest_route=%2Fwp%2Fv2%2Fmedia&parent=24852"}],"wp:term":[{"taxonomy":"product_brand","embeddable":true,"href":"https:\/\/shop.mittgard.de\/index.php?rest_route=%2Fwp%2Fv2%2Fproduct_brand&post=24852"},{"taxonomy":"product_cat","embeddable":true,"href":"https:\/\/shop.mittgard.de\/index.php?rest_route=%2Fwp%2Fv2%2Fproduct_cat&post=24852"},{"taxonomy":"product_tag","embeddable":true,"href":"https:\/\/shop.mittgard.de\/index.php?rest_route=%2Fwp%2Fv2%2Fproduct_tag&post=24852"}],"curies":[{"name":"wp","href":"https:\/\/api.w.org\/{rel}","templated":true}]}}