{"id":25011,"date":"2025-01-22T10:42:00","date_gmt":"2025-01-22T09:42:00","guid":{"rendered":"https:\/\/shop.mittgard.de\/?post_type=product&#038;p=25011"},"modified":"2025-01-22T10:45:13","modified_gmt":"2025-01-22T09:45:13","slug":"perlenstern-4","status":"publish","type":"product","link":"https:\/\/shop.mittgard.de\/?product=perlenstern-4","title":{"rendered":"Perlenstern 4"},"content":{"rendered":"<p>dekorativer Perlenstern f\u00fcr den Julbaum oder einfach zum ins Fenster h\u00e4ngen.<\/p>\n<p>Aus Perlmuttperlen und goldenen, gr\u00fcnen &amp; braunen Metallicperlen<\/p>\n<p>\u2205 8,3 cm, inklusive blauem Organzabeutel<\/p>\n","protected":false},"excerpt":{"rendered":"<p>dekorativer Perlenstern f\u00fcr den Julbaum oder einfach zum ins Fenster h\u00e4ngen. Aus Perlmuttperlen und goldenen, gr\u00fcnen &amp; braunen Metallicperlen \u2205 8,3 cm, inklusive blauem Organzabeutel<\/p>\n","protected":false},"featured_media":25012,"template":"","meta":[],"product_brand":[],"product_cat":[665,56],"product_tag":[653,300,1256,396],"class_list":{"0":"post-25011","1":"product","2":"type-product","3":"status-publish","4":"has-post-thumbnail","6":"product_cat-diverses","7":"product_cat-restekiste","8":"product_tag-jul","9":"product_tag-perlen","10":"product_tag-stern","11":"product_tag-weihnachten","12":"product_shipping_class-brief","14":"first","15":"instock","16":"sold-individually","17":"taxable","18":"shipping-taxable","19":"purchasable","20":"product-type-simple"},"_links":{"self":[{"href":"https:\/\/shop.mittgard.de\/index.php?rest_route=\/wp\/v2\/product\/25011","targetHints":{"allow":["GET"]}}],"collection":[{"href":"https:\/\/shop.mittgard.de\/index.php?rest_route=\/wp\/v2\/product"}],"about":[{"href":"https:\/\/shop.mittgard.de\/index.php?rest_route=\/wp\/v2\/types\/product"}],"wp:featuredmedia":[{"embeddable":true,"href":"https:\/\/shop.mittgard.de\/index.php?rest_route=\/wp\/v2\/media\/25012"}],"wp:attachment":[{"href":"https:\/\/shop.mittgard.de\/index.php?rest_route=%2Fwp%2Fv2%2Fmedia&parent=25011"}],"wp:term":[{"taxonomy":"product_brand","embeddable":true,"href":"https:\/\/shop.mittgard.de\/index.php?rest_route=%2Fwp%2Fv2%2Fproduct_brand&post=25011"},{"taxonomy":"product_cat","embeddable":true,"href":"https:\/\/shop.mittgard.de\/index.php?rest_route=%2Fwp%2Fv2%2Fproduct_cat&post=25011"},{"taxonomy":"product_tag","embeddable":true,"href":"https:\/\/shop.mittgard.de\/index.php?rest_route=%2Fwp%2Fv2%2Fproduct_tag&post=25011"}],"curies":[{"name":"wp","href":"https:\/\/api.w.org\/{rel}","templated":true}]}}