{"id":25258,"date":"2025-02-14T12:13:50","date_gmt":"2025-02-14T11:13:50","guid":{"rendered":"https:\/\/shop.mittgard.de\/?post_type=product&#038;p=25258"},"modified":"2026-04-06T13:41:21","modified_gmt":"2026-04-06T11:41:21","slug":"thorshammer-ring-bronze","status":"publish","type":"product","link":"https:\/\/shop.mittgard.de\/?product=thorshammer-ring-bronze","title":{"rendered":"Thorshammer-Ring gro\u00df Bronze"},"content":{"rendered":"<p>m\u00e4chtig gewaltig &#8211; dieser Ring ist eine Ansage!<\/p>\n<p>Der Thorshammer darauf ist 2,5 x 2 cm gro\u00df und doch filigran gearbeitet<\/p>\n<p>Schmuckbronze, Gr\u00f6\u00dfe 64<\/p>\n","protected":false},"excerpt":{"rendered":"<p>m\u00e4chtig gewaltig &#8211; dieser Ring ist eine Ansage! Der Thorshammer darauf ist 2,5 x 2 cm gro\u00df und doch filigran gearbeitet Schmuckbronze, Gr\u00f6\u00dfe 64<\/p>\n","protected":false},"featured_media":25259,"template":"","meta":[],"product_brand":[],"product_cat":[456,470,455],"product_tag":[318,336,1928,775,311],"class_list":{"0":"post-25258","1":"product","2":"type-product","3":"status-publish","4":"has-post-thumbnail","6":"product_cat-germanen-wikinger","7":"product_cat-ohr-fingerringe","8":"product_cat-schmuck","9":"product_tag-asatru","10":"product_tag-germanen","11":"product_tag-mjoelnir","12":"product_tag-thorshammer","13":"product_tag-wikinger","14":"product_shipping_class-brief","16":"first","17":"onbackorder","18":"taxable","19":"shipping-taxable","20":"purchasable","21":"product-type-simple"},"_links":{"self":[{"href":"https:\/\/shop.mittgard.de\/index.php?rest_route=\/wp\/v2\/product\/25258","targetHints":{"allow":["GET"]}}],"collection":[{"href":"https:\/\/shop.mittgard.de\/index.php?rest_route=\/wp\/v2\/product"}],"about":[{"href":"https:\/\/shop.mittgard.de\/index.php?rest_route=\/wp\/v2\/types\/product"}],"wp:featuredmedia":[{"embeddable":true,"href":"https:\/\/shop.mittgard.de\/index.php?rest_route=\/wp\/v2\/media\/25259"}],"wp:attachment":[{"href":"https:\/\/shop.mittgard.de\/index.php?rest_route=%2Fwp%2Fv2%2Fmedia&parent=25258"}],"wp:term":[{"taxonomy":"product_brand","embeddable":true,"href":"https:\/\/shop.mittgard.de\/index.php?rest_route=%2Fwp%2Fv2%2Fproduct_brand&post=25258"},{"taxonomy":"product_cat","embeddable":true,"href":"https:\/\/shop.mittgard.de\/index.php?rest_route=%2Fwp%2Fv2%2Fproduct_cat&post=25258"},{"taxonomy":"product_tag","embeddable":true,"href":"https:\/\/shop.mittgard.de\/index.php?rest_route=%2Fwp%2Fv2%2Fproduct_tag&post=25258"}],"curies":[{"name":"wp","href":"https:\/\/api.w.org\/{rel}","templated":true}]}}