{"id":25282,"date":"2025-02-18T13:33:37","date_gmt":"2025-02-18T12:33:37","guid":{"rendered":"https:\/\/shop.mittgard.de\/?post_type=product&#038;p=25282"},"modified":"2025-02-18T13:35:06","modified_gmt":"2025-02-18T12:35:06","slug":"wikingerkette-28","status":"publish","type":"product","link":"https:\/\/shop.mittgard.de\/?product=wikingerkette-28","title":{"rendered":"Wikingerkette 28"},"content":{"rendered":"<p>Um eine gro\u00dfe blau-rot-gr\u00fcne Glas-Scheibenperle gruppieren sich rote, gr\u00fcne und blaue Glasperlen.<\/p>\n","protected":false},"excerpt":{"rendered":"<p>Um eine gro\u00dfe blau-rot-gr\u00fcne Glas-Scheibenperle gruppieren sich rote, gr\u00fcne und blaue Glasperlen.<\/p>\n","protected":false},"featured_media":25283,"template":"","meta":[],"product_brand":[],"product_cat":[457,455],"product_tag":[98,299,91,96],"class_list":{"0":"post-25282","1":"product","2":"type-product","3":"status-publish","4":"has-post-thumbnail","6":"product_cat-einzelstuecke","7":"product_cat-schmuck","8":"product_tag-blau","9":"product_tag-glas","10":"product_tag-gruen","11":"product_tag-rot","12":"product_shipping_class-brief","14":"first","15":"instock","16":"sold-individually","17":"taxable","18":"shipping-taxable","19":"purchasable","20":"product-type-simple"},"_links":{"self":[{"href":"https:\/\/shop.mittgard.de\/index.php?rest_route=\/wp\/v2\/product\/25282","targetHints":{"allow":["GET"]}}],"collection":[{"href":"https:\/\/shop.mittgard.de\/index.php?rest_route=\/wp\/v2\/product"}],"about":[{"href":"https:\/\/shop.mittgard.de\/index.php?rest_route=\/wp\/v2\/types\/product"}],"wp:featuredmedia":[{"embeddable":true,"href":"https:\/\/shop.mittgard.de\/index.php?rest_route=\/wp\/v2\/media\/25283"}],"wp:attachment":[{"href":"https:\/\/shop.mittgard.de\/index.php?rest_route=%2Fwp%2Fv2%2Fmedia&parent=25282"}],"wp:term":[{"taxonomy":"product_brand","embeddable":true,"href":"https:\/\/shop.mittgard.de\/index.php?rest_route=%2Fwp%2Fv2%2Fproduct_brand&post=25282"},{"taxonomy":"product_cat","embeddable":true,"href":"https:\/\/shop.mittgard.de\/index.php?rest_route=%2Fwp%2Fv2%2Fproduct_cat&post=25282"},{"taxonomy":"product_tag","embeddable":true,"href":"https:\/\/shop.mittgard.de\/index.php?rest_route=%2Fwp%2Fv2%2Fproduct_tag&post=25282"}],"curies":[{"name":"wp","href":"https:\/\/api.w.org\/{rel}","templated":true}]}}