{"id":25284,"date":"2025-02-18T13:35:12","date_gmt":"2025-02-18T12:35:12","guid":{"rendered":"https:\/\/shop.mittgard.de\/?post_type=product&#038;p=25284"},"modified":"2025-02-18T13:37:03","modified_gmt":"2025-02-18T12:37:03","slug":"wikingerkette-29","status":"publish","type":"product","link":"https:\/\/shop.mittgard.de\/?product=wikingerkette-29","title":{"rendered":"Wikingerkette 29"},"content":{"rendered":"<p>Um eine gro\u00dfe braune, wei\u00df geb\u00e4nderte Glas-Kugelperle reihen sich wei\u00dfe und braun-wei\u00dfe Knochenperlen.<\/p>\n","protected":false},"excerpt":{"rendered":"<p>Um eine gro\u00dfe braune, wei\u00df geb\u00e4nderte Glas-Kugelperle reihen sich wei\u00dfe und braun-wei\u00dfe Knochenperlen.<\/p>\n","protected":false},"featured_media":25285,"template":"","meta":[],"product_brand":[],"product_cat":[457,455],"product_tag":[88,299,458],"class_list":{"0":"post-25284","1":"product","2":"type-product","3":"status-publish","4":"has-post-thumbnail","6":"product_cat-einzelstuecke","7":"product_cat-schmuck","8":"product_tag-braun","9":"product_tag-glas","10":"product_tag-knochen","11":"product_shipping_class-brief","13":"first","14":"instock","15":"sold-individually","16":"taxable","17":"shipping-taxable","18":"purchasable","19":"product-type-simple"},"_links":{"self":[{"href":"https:\/\/shop.mittgard.de\/index.php?rest_route=\/wp\/v2\/product\/25284","targetHints":{"allow":["GET"]}}],"collection":[{"href":"https:\/\/shop.mittgard.de\/index.php?rest_route=\/wp\/v2\/product"}],"about":[{"href":"https:\/\/shop.mittgard.de\/index.php?rest_route=\/wp\/v2\/types\/product"}],"wp:featuredmedia":[{"embeddable":true,"href":"https:\/\/shop.mittgard.de\/index.php?rest_route=\/wp\/v2\/media\/25285"}],"wp:attachment":[{"href":"https:\/\/shop.mittgard.de\/index.php?rest_route=%2Fwp%2Fv2%2Fmedia&parent=25284"}],"wp:term":[{"taxonomy":"product_brand","embeddable":true,"href":"https:\/\/shop.mittgard.de\/index.php?rest_route=%2Fwp%2Fv2%2Fproduct_brand&post=25284"},{"taxonomy":"product_cat","embeddable":true,"href":"https:\/\/shop.mittgard.de\/index.php?rest_route=%2Fwp%2Fv2%2Fproduct_cat&post=25284"},{"taxonomy":"product_tag","embeddable":true,"href":"https:\/\/shop.mittgard.de\/index.php?rest_route=%2Fwp%2Fv2%2Fproduct_tag&post=25284"}],"curies":[{"name":"wp","href":"https:\/\/api.w.org\/{rel}","templated":true}]}}